{"id":78,"date":"2024-01-26T04:16:52","date_gmt":"2024-01-26T03:16:52","guid":{"rendered":"https:\/\/www.lektorprvnipomoci.cz\/?page_id=78"},"modified":"2024-05-07T23:21:04","modified_gmt":"2024-05-07T21:21:04","slug":"kontakty","status":"publish","type":"page","link":"https:\/\/www.lektorprvnipomoci.cz\/?page_id=78","title":{"rendered":"Kontakty"},"content":{"rendered":"\n<p><strong>tel: 605 150 873<\/strong><\/p>\n\n\n\n<p>mail: <a href=\"mailto:sudzina@rescuedog.cz\">sudzina@rescuedog.cz<\/a><\/p>\n\n\n\n<p><a href=\"http:\/\/wwww.sarcr.cz\" target=\"_blank\" rel=\"noreferrer noopener\">www.sarcr.cz<\/a><\/p>\n\n\n\n<figure class=\"wp-block-image size-full is-resized\"><img loading=\"lazy\" decoding=\"async\" width=\"285\" height=\"166\" src=\"https:\/\/www.lektorprvnipomoci.cz\/wp-content\/uploads\/2024\/01\/ekg-krivka.jpg\" alt=\"\" class=\"wp-image-79\" style=\"width:439px;height:auto\"\/><\/figure>\n","protected":false},"excerpt":{"rendered":"<p>tel: 605 150 873 mail: sudzina@rescuedog.cz www.sarcr.cz<\/p>\n","protected":false},"author":1,"featured_media":0,"parent":0,"menu_order":0,"comment_status":"closed","ping_status":"closed","template":"","meta":{"footnotes":""},"class_list":["post-78","page","type-page","status-publish","hentry"],"yoast_head":"<!-- This site is optimized with the Yoast SEO plugin v26.6 - https:\/\/yoast.com\/wordpress\/plugins\/seo\/ -->\n<title>Kontakty - Pavel Sudzina lektor prvn\u00ed pomoci a pedagog voln\u00e9ho \u010dasu<\/title>\n<meta name=\"robots\" content=\"index, follow, max-snippet:-1, max-image-preview:large, max-video-preview:-1\" \/>\n<link rel=\"canonical\" href=\"https:\/\/www.lektorprvnipomoci.cz\/?page_id=78\" \/>\n<meta property=\"og:locale\" content=\"cs_CZ\" \/>\n<meta property=\"og:type\" content=\"article\" \/>\n<meta property=\"og:title\" content=\"Kontakty - Pavel Sudzina lektor prvn\u00ed pomoci a pedagog voln\u00e9ho \u010dasu\" \/>\n<meta property=\"og:description\" content=\"tel: 605 150 873 mail: sudzina@rescuedog.cz www.sarcr.cz\" \/>\n<meta property=\"og:url\" content=\"https:\/\/www.lektorprvnipomoci.cz\/?page_id=78\" \/>\n<meta property=\"og:site_name\" content=\"Pavel Sudzina lektor prvn\u00ed pomoci a pedagog voln\u00e9ho \u010dasu\" \/>\n<meta property=\"article:modified_time\" content=\"2024-05-07T21:21:04+00:00\" \/>\n<meta property=\"og:image\" content=\"https:\/\/www.lektorprvnipomoci.cz\/wp-content\/uploads\/2024\/01\/ekg-krivka.jpg\" \/>\n<meta name=\"twitter:card\" content=\"summary_large_image\" \/>\n<meta name=\"twitter:label1\" content=\"Odhadovan\u00e1 doba \u010dten\u00ed\" \/>\n\t<meta name=\"twitter:data1\" content=\"1 minuta\" \/>\n<script type=\"application\/ld+json\" class=\"yoast-schema-graph\">{\"@context\":\"https:\/\/schema.org\",\"@graph\":[{\"@type\":\"WebPage\",\"@id\":\"https:\/\/www.lektorprvnipomoci.cz\/?page_id=78\",\"url\":\"https:\/\/www.lektorprvnipomoci.cz\/?page_id=78\",\"name\":\"Kontakty - Pavel Sudzina lektor prvn\u00ed pomoci a pedagog voln\u00e9ho \u010dasu\",\"isPartOf\":{\"@id\":\"https:\/\/www.lektorprvnipomoci.cz\/#website\"},\"primaryImageOfPage\":{\"@id\":\"https:\/\/www.lektorprvnipomoci.cz\/?page_id=78#primaryimage\"},\"image\":{\"@id\":\"https:\/\/www.lektorprvnipomoci.cz\/?page_id=78#primaryimage\"},\"thumbnailUrl\":\"https:\/\/www.lektorprvnipomoci.cz\/wp-content\/uploads\/2024\/01\/ekg-krivka.jpg\",\"datePublished\":\"2024-01-26T03:16:52+00:00\",\"dateModified\":\"2024-05-07T21:21:04+00:00\",\"breadcrumb\":{\"@id\":\"https:\/\/www.lektorprvnipomoci.cz\/?page_id=78#breadcrumb\"},\"inLanguage\":\"cs\",\"potentialAction\":[{\"@type\":\"ReadAction\",\"target\":[\"https:\/\/www.lektorprvnipomoci.cz\/?page_id=78\"]}]},{\"@type\":\"ImageObject\",\"inLanguage\":\"cs\",\"@id\":\"https:\/\/www.lektorprvnipomoci.cz\/?page_id=78#primaryimage\",\"url\":\"https:\/\/www.lektorprvnipomoci.cz\/wp-content\/uploads\/2024\/01\/ekg-krivka.jpg\",\"contentUrl\":\"https:\/\/www.lektorprvnipomoci.cz\/wp-content\/uploads\/2024\/01\/ekg-krivka.jpg\",\"width\":285,\"height\":166},{\"@type\":\"BreadcrumbList\",\"@id\":\"https:\/\/www.lektorprvnipomoci.cz\/?page_id=78#breadcrumb\",\"itemListElement\":[{\"@type\":\"ListItem\",\"position\":1,\"name\":\"Home\",\"item\":\"https:\/\/www.lektorprvnipomoci.cz\/\"},{\"@type\":\"ListItem\",\"position\":2,\"name\":\"Kontakty\"}]},{\"@type\":\"WebSite\",\"@id\":\"https:\/\/www.lektorprvnipomoci.cz\/#website\",\"url\":\"https:\/\/www.lektorprvnipomoci.cz\/\",\"name\":\"Pavel Sudzina lektor prvn\u00ed pomoci a pedagog voln\u00e9ho \u010dasu\",\"description\":\"str\u00e1nka o m\u011b a nab\u00eddka m\u00fdch slu\u017eeb\",\"potentialAction\":[{\"@type\":\"SearchAction\",\"target\":{\"@type\":\"EntryPoint\",\"urlTemplate\":\"https:\/\/www.lektorprvnipomoci.cz\/?s={search_term_string}\"},\"query-input\":{\"@type\":\"PropertyValueSpecification\",\"valueRequired\":true,\"valueName\":\"search_term_string\"}}],\"inLanguage\":\"cs\"}]}<\/script>\n<!-- \/ Yoast SEO plugin. -->","yoast_head_json":{"title":"Kontakty - Pavel Sudzina lektor prvn\u00ed pomoci a pedagog voln\u00e9ho \u010dasu","robots":{"index":"index","follow":"follow","max-snippet":"max-snippet:-1","max-image-preview":"max-image-preview:large","max-video-preview":"max-video-preview:-1"},"canonical":"https:\/\/www.lektorprvnipomoci.cz\/?page_id=78","og_locale":"cs_CZ","og_type":"article","og_title":"Kontakty - Pavel Sudzina lektor prvn\u00ed pomoci a pedagog voln\u00e9ho \u010dasu","og_description":"tel: 605 150 873 mail: sudzina@rescuedog.cz www.sarcr.cz","og_url":"https:\/\/www.lektorprvnipomoci.cz\/?page_id=78","og_site_name":"Pavel Sudzina lektor prvn\u00ed pomoci a pedagog voln\u00e9ho \u010dasu","article_modified_time":"2024-05-07T21:21:04+00:00","og_image":[{"url":"https:\/\/www.lektorprvnipomoci.cz\/wp-content\/uploads\/2024\/01\/ekg-krivka.jpg","type":"","width":"","height":""}],"twitter_card":"summary_large_image","twitter_misc":{"Odhadovan\u00e1 doba \u010dten\u00ed":"1 minuta"},"schema":{"@context":"https:\/\/schema.org","@graph":[{"@type":"WebPage","@id":"https:\/\/www.lektorprvnipomoci.cz\/?page_id=78","url":"https:\/\/www.lektorprvnipomoci.cz\/?page_id=78","name":"Kontakty - Pavel Sudzina lektor prvn\u00ed pomoci a pedagog voln\u00e9ho \u010dasu","isPartOf":{"@id":"https:\/\/www.lektorprvnipomoci.cz\/#website"},"primaryImageOfPage":{"@id":"https:\/\/www.lektorprvnipomoci.cz\/?page_id=78#primaryimage"},"image":{"@id":"https:\/\/www.lektorprvnipomoci.cz\/?page_id=78#primaryimage"},"thumbnailUrl":"https:\/\/www.lektorprvnipomoci.cz\/wp-content\/uploads\/2024\/01\/ekg-krivka.jpg","datePublished":"2024-01-26T03:16:52+00:00","dateModified":"2024-05-07T21:21:04+00:00","breadcrumb":{"@id":"https:\/\/www.lektorprvnipomoci.cz\/?page_id=78#breadcrumb"},"inLanguage":"cs","potentialAction":[{"@type":"ReadAction","target":["https:\/\/www.lektorprvnipomoci.cz\/?page_id=78"]}]},{"@type":"ImageObject","inLanguage":"cs","@id":"https:\/\/www.lektorprvnipomoci.cz\/?page_id=78#primaryimage","url":"https:\/\/www.lektorprvnipomoci.cz\/wp-content\/uploads\/2024\/01\/ekg-krivka.jpg","contentUrl":"https:\/\/www.lektorprvnipomoci.cz\/wp-content\/uploads\/2024\/01\/ekg-krivka.jpg","width":285,"height":166},{"@type":"BreadcrumbList","@id":"https:\/\/www.lektorprvnipomoci.cz\/?page_id=78#breadcrumb","itemListElement":[{"@type":"ListItem","position":1,"name":"Home","item":"https:\/\/www.lektorprvnipomoci.cz\/"},{"@type":"ListItem","position":2,"name":"Kontakty"}]},{"@type":"WebSite","@id":"https:\/\/www.lektorprvnipomoci.cz\/#website","url":"https:\/\/www.lektorprvnipomoci.cz\/","name":"Pavel Sudzina lektor prvn\u00ed pomoci a pedagog voln\u00e9ho \u010dasu","description":"str\u00e1nka o m\u011b a nab\u00eddka m\u00fdch slu\u017eeb","potentialAction":[{"@type":"SearchAction","target":{"@type":"EntryPoint","urlTemplate":"https:\/\/www.lektorprvnipomoci.cz\/?s={search_term_string}"},"query-input":{"@type":"PropertyValueSpecification","valueRequired":true,"valueName":"search_term_string"}}],"inLanguage":"cs"}]}},"_links":{"self":[{"href":"https:\/\/www.lektorprvnipomoci.cz\/index.php?rest_route=\/wp\/v2\/pages\/78","targetHints":{"allow":["GET"]}}],"collection":[{"href":"https:\/\/www.lektorprvnipomoci.cz\/index.php?rest_route=\/wp\/v2\/pages"}],"about":[{"href":"https:\/\/www.lektorprvnipomoci.cz\/index.php?rest_route=\/wp\/v2\/types\/page"}],"author":[{"embeddable":true,"href":"https:\/\/www.lektorprvnipomoci.cz\/index.php?rest_route=\/wp\/v2\/users\/1"}],"replies":[{"embeddable":true,"href":"https:\/\/www.lektorprvnipomoci.cz\/index.php?rest_route=%2Fwp%2Fv2%2Fcomments&post=78"}],"version-history":[{"count":1,"href":"https:\/\/www.lektorprvnipomoci.cz\/index.php?rest_route=\/wp\/v2\/pages\/78\/revisions"}],"predecessor-version":[{"id":81,"href":"https:\/\/www.lektorprvnipomoci.cz\/index.php?rest_route=\/wp\/v2\/pages\/78\/revisions\/81"}],"wp:attachment":[{"href":"https:\/\/www.lektorprvnipomoci.cz\/index.php?rest_route=%2Fwp%2Fv2%2Fmedia&parent=78"}],"curies":[{"name":"wp","href":"https:\/\/api.w.org\/{rel}","templated":true}]}}