{"id":74,"date":"2024-01-26T02:52:19","date_gmt":"2024-01-26T01:52:19","guid":{"rendered":"https:\/\/www.lektorprvnipomoci.cz\/?page_id=74"},"modified":"2025-12-19T15:31:24","modified_gmt":"2025-12-19T14:31:24","slug":"sluzby-prvni-pomoci","status":"publish","type":"page","link":"https:\/\/www.lektorprvnipomoci.cz\/?page_id=74","title":{"rendered":"Slu\u017eby prvn\u00ed pomoci a p\u0159\u00edbuzn\u00e9"},"content":{"rendered":"\n<p><strong>nab\u00edz\u00edm: <\/strong><\/p>\n\n\n\n<p><strong>slu\u017eby zdravotn\u00edka zotavovac\u00edch akc\u00ed<\/strong> (t\u00e1bory, \u0161koly v p\u0159\u00edrod\u011b a dal\u0161\u00ed)<\/p>\n\n\n\n<p><strong>zdravotnick\u00e9 dozory<\/strong> (spotovn\u00ed a kulturn\u00ed akce, akce pro d\u011bti a pod.)<\/p>\n\n\n\n<p><strong>Sportovn\u00ed mas\u00e1\u017ee<\/strong><\/p>\n\n\n\n<p><strong>Kinesiologick\u00e9 tejpov\u00e1n\u00ed<\/strong><\/p>\n\n\n\n<p><\/p>\n","protected":false},"excerpt":{"rendered":"<p>nab\u00edz\u00edm: slu\u017eby zdravotn\u00edka zotavovac\u00edch akc\u00ed (t\u00e1bory, \u0161koly v p\u0159\u00edrod\u011b a dal\u0161\u00ed) zdravotnick\u00e9 dozory (spotovn\u00ed a kulturn\u00ed akce, akce pro d\u011bti a pod.) Sportovn\u00ed mas\u00e1\u017ee Kinesiologick\u00e9 tejpov\u00e1n\u00ed<\/p>\n","protected":false},"author":1,"featured_media":0,"parent":0,"menu_order":0,"comment_status":"closed","ping_status":"closed","template":"","meta":{"footnotes":""},"class_list":["post-74","page","type-page","status-publish","hentry"],"yoast_head":"<!-- This site is optimized with the Yoast SEO plugin v26.6 - https:\/\/yoast.com\/wordpress\/plugins\/seo\/ -->\n<title>Slu\u017eby prvn\u00ed pomoci a p\u0159\u00edbuzn\u00e9 - Pavel Sudzina lektor prvn\u00ed pomoci a pedagog voln\u00e9ho \u010dasu<\/title>\n<meta name=\"robots\" content=\"index, follow, max-snippet:-1, max-image-preview:large, max-video-preview:-1\" \/>\n<link rel=\"canonical\" href=\"https:\/\/www.lektorprvnipomoci.cz\/?page_id=74\" \/>\n<meta property=\"og:locale\" content=\"cs_CZ\" \/>\n<meta property=\"og:type\" content=\"article\" \/>\n<meta property=\"og:title\" content=\"Slu\u017eby prvn\u00ed pomoci a p\u0159\u00edbuzn\u00e9 - Pavel Sudzina lektor prvn\u00ed pomoci a pedagog voln\u00e9ho \u010dasu\" \/>\n<meta property=\"og:description\" content=\"nab\u00edz\u00edm: slu\u017eby zdravotn\u00edka zotavovac\u00edch akc\u00ed (t\u00e1bory, \u0161koly v p\u0159\u00edrod\u011b a dal\u0161\u00ed) zdravotnick\u00e9 dozory (spotovn\u00ed a kulturn\u00ed akce, akce pro d\u011bti a pod.) Sportovn\u00ed mas\u00e1\u017ee Kinesiologick\u00e9 tejpov\u00e1n\u00ed\" \/>\n<meta property=\"og:url\" content=\"https:\/\/www.lektorprvnipomoci.cz\/?page_id=74\" \/>\n<meta property=\"og:site_name\" content=\"Pavel Sudzina lektor prvn\u00ed pomoci a pedagog voln\u00e9ho \u010dasu\" \/>\n<meta property=\"article:modified_time\" content=\"2025-12-19T14:31:24+00:00\" \/>\n<meta name=\"twitter:card\" content=\"summary_large_image\" \/>\n<meta name=\"twitter:label1\" content=\"Odhadovan\u00e1 doba \u010dten\u00ed\" \/>\n\t<meta name=\"twitter:data1\" content=\"1 minuta\" \/>\n<script type=\"application\/ld+json\" class=\"yoast-schema-graph\">{\"@context\":\"https:\/\/schema.org\",\"@graph\":[{\"@type\":\"WebPage\",\"@id\":\"https:\/\/www.lektorprvnipomoci.cz\/?page_id=74\",\"url\":\"https:\/\/www.lektorprvnipomoci.cz\/?page_id=74\",\"name\":\"Slu\u017eby prvn\u00ed pomoci a p\u0159\u00edbuzn\u00e9 - Pavel Sudzina lektor prvn\u00ed pomoci a pedagog voln\u00e9ho \u010dasu\",\"isPartOf\":{\"@id\":\"https:\/\/www.lektorprvnipomoci.cz\/#website\"},\"datePublished\":\"2024-01-26T01:52:19+00:00\",\"dateModified\":\"2025-12-19T14:31:24+00:00\",\"breadcrumb\":{\"@id\":\"https:\/\/www.lektorprvnipomoci.cz\/?page_id=74#breadcrumb\"},\"inLanguage\":\"cs\",\"potentialAction\":[{\"@type\":\"ReadAction\",\"target\":[\"https:\/\/www.lektorprvnipomoci.cz\/?page_id=74\"]}]},{\"@type\":\"BreadcrumbList\",\"@id\":\"https:\/\/www.lektorprvnipomoci.cz\/?page_id=74#breadcrumb\",\"itemListElement\":[{\"@type\":\"ListItem\",\"position\":1,\"name\":\"Home\",\"item\":\"https:\/\/www.lektorprvnipomoci.cz\/\"},{\"@type\":\"ListItem\",\"position\":2,\"name\":\"Slu\u017eby prvn\u00ed pomoci a p\u0159\u00edbuzn\u00e9\"}]},{\"@type\":\"WebSite\",\"@id\":\"https:\/\/www.lektorprvnipomoci.cz\/#website\",\"url\":\"https:\/\/www.lektorprvnipomoci.cz\/\",\"name\":\"Pavel Sudzina lektor prvn\u00ed pomoci a pedagog voln\u00e9ho \u010dasu\",\"description\":\"str\u00e1nka o m\u011b a nab\u00eddka m\u00fdch slu\u017eeb\",\"potentialAction\":[{\"@type\":\"SearchAction\",\"target\":{\"@type\":\"EntryPoint\",\"urlTemplate\":\"https:\/\/www.lektorprvnipomoci.cz\/?s={search_term_string}\"},\"query-input\":{\"@type\":\"PropertyValueSpecification\",\"valueRequired\":true,\"valueName\":\"search_term_string\"}}],\"inLanguage\":\"cs\"}]}<\/script>\n<!-- \/ Yoast SEO plugin. -->","yoast_head_json":{"title":"Slu\u017eby prvn\u00ed pomoci a p\u0159\u00edbuzn\u00e9 - Pavel Sudzina lektor prvn\u00ed pomoci a pedagog voln\u00e9ho \u010dasu","robots":{"index":"index","follow":"follow","max-snippet":"max-snippet:-1","max-image-preview":"max-image-preview:large","max-video-preview":"max-video-preview:-1"},"canonical":"https:\/\/www.lektorprvnipomoci.cz\/?page_id=74","og_locale":"cs_CZ","og_type":"article","og_title":"Slu\u017eby prvn\u00ed pomoci a p\u0159\u00edbuzn\u00e9 - Pavel Sudzina lektor prvn\u00ed pomoci a pedagog voln\u00e9ho \u010dasu","og_description":"nab\u00edz\u00edm: slu\u017eby zdravotn\u00edka zotavovac\u00edch akc\u00ed (t\u00e1bory, \u0161koly v p\u0159\u00edrod\u011b a dal\u0161\u00ed) zdravotnick\u00e9 dozory (spotovn\u00ed a kulturn\u00ed akce, akce pro d\u011bti a pod.) Sportovn\u00ed mas\u00e1\u017ee Kinesiologick\u00e9 tejpov\u00e1n\u00ed","og_url":"https:\/\/www.lektorprvnipomoci.cz\/?page_id=74","og_site_name":"Pavel Sudzina lektor prvn\u00ed pomoci a pedagog voln\u00e9ho \u010dasu","article_modified_time":"2025-12-19T14:31:24+00:00","twitter_card":"summary_large_image","twitter_misc":{"Odhadovan\u00e1 doba \u010dten\u00ed":"1 minuta"},"schema":{"@context":"https:\/\/schema.org","@graph":[{"@type":"WebPage","@id":"https:\/\/www.lektorprvnipomoci.cz\/?page_id=74","url":"https:\/\/www.lektorprvnipomoci.cz\/?page_id=74","name":"Slu\u017eby prvn\u00ed pomoci a p\u0159\u00edbuzn\u00e9 - Pavel Sudzina lektor prvn\u00ed pomoci a pedagog voln\u00e9ho \u010dasu","isPartOf":{"@id":"https:\/\/www.lektorprvnipomoci.cz\/#website"},"datePublished":"2024-01-26T01:52:19+00:00","dateModified":"2025-12-19T14:31:24+00:00","breadcrumb":{"@id":"https:\/\/www.lektorprvnipomoci.cz\/?page_id=74#breadcrumb"},"inLanguage":"cs","potentialAction":[{"@type":"ReadAction","target":["https:\/\/www.lektorprvnipomoci.cz\/?page_id=74"]}]},{"@type":"BreadcrumbList","@id":"https:\/\/www.lektorprvnipomoci.cz\/?page_id=74#breadcrumb","itemListElement":[{"@type":"ListItem","position":1,"name":"Home","item":"https:\/\/www.lektorprvnipomoci.cz\/"},{"@type":"ListItem","position":2,"name":"Slu\u017eby prvn\u00ed pomoci a p\u0159\u00edbuzn\u00e9"}]},{"@type":"WebSite","@id":"https:\/\/www.lektorprvnipomoci.cz\/#website","url":"https:\/\/www.lektorprvnipomoci.cz\/","name":"Pavel Sudzina lektor prvn\u00ed pomoci a pedagog voln\u00e9ho \u010dasu","description":"str\u00e1nka o m\u011b a nab\u00eddka m\u00fdch slu\u017eeb","potentialAction":[{"@type":"SearchAction","target":{"@type":"EntryPoint","urlTemplate":"https:\/\/www.lektorprvnipomoci.cz\/?s={search_term_string}"},"query-input":{"@type":"PropertyValueSpecification","valueRequired":true,"valueName":"search_term_string"}}],"inLanguage":"cs"}]}},"_links":{"self":[{"href":"https:\/\/www.lektorprvnipomoci.cz\/index.php?rest_route=\/wp\/v2\/pages\/74","targetHints":{"allow":["GET"]}}],"collection":[{"href":"https:\/\/www.lektorprvnipomoci.cz\/index.php?rest_route=\/wp\/v2\/pages"}],"about":[{"href":"https:\/\/www.lektorprvnipomoci.cz\/index.php?rest_route=\/wp\/v2\/types\/page"}],"author":[{"embeddable":true,"href":"https:\/\/www.lektorprvnipomoci.cz\/index.php?rest_route=\/wp\/v2\/users\/1"}],"replies":[{"embeddable":true,"href":"https:\/\/www.lektorprvnipomoci.cz\/index.php?rest_route=%2Fwp%2Fv2%2Fcomments&post=74"}],"version-history":[{"count":4,"href":"https:\/\/www.lektorprvnipomoci.cz\/index.php?rest_route=\/wp\/v2\/pages\/74\/revisions"}],"predecessor-version":[{"id":185,"href":"https:\/\/www.lektorprvnipomoci.cz\/index.php?rest_route=\/wp\/v2\/pages\/74\/revisions\/185"}],"wp:attachment":[{"href":"https:\/\/www.lektorprvnipomoci.cz\/index.php?rest_route=%2Fwp%2Fv2%2Fmedia&parent=74"}],"curies":[{"name":"wp","href":"https:\/\/api.w.org\/{rel}","templated":true}]}}