{"id":71,"date":"2024-01-26T02:46:10","date_gmt":"2024-01-26T01:46:10","guid":{"rendered":"https:\/\/www.lektorprvnipomoci.cz\/?page_id=71"},"modified":"2024-06-19T20:11:35","modified_gmt":"2024-06-19T18:11:35","slug":"kurzy-prvni-pomoci","status":"publish","type":"page","link":"https:\/\/www.lektorprvnipomoci.cz\/?page_id=71","title":{"rendered":"Kurzy prvn\u00ed pomoci"},"content":{"rendered":"\n<figure class=\"wp-block-image is-resized\"><a href=\"https:\/\/www.rescuedog.cz\/wp-content\/uploads\/2023\/09\/mora-hvezda-zivota.jpg\"><img decoding=\"async\" src=\"http:\/\/www.rescuedog.cz\/wp-content\/uploads\/2023\/09\/mora-hvezda-zivota.jpg\" alt=\"\" class=\"wp-image-1610\" style=\"width:800px;height:auto\"\/><\/a><\/figure>\n\n\n\n<h1 class=\"wp-block-heading\"><strong>nab\u00edz\u00edm ve solupr\u00e1ci se <a href=\"http:\/\/www.sarcr.cz\">sarcr.cz<\/a> kurzy prvn\u00ed pomoci&nbsp;<\/strong><\/h1>\n\n\n\n<h5 class=\"wp-block-heading\"><strong>pro ve\u0159ejnost nejr\u016fzn\u011bj\u0161\u00ed organizace a \u0161koly&nbsp;<\/strong><\/h5>\n\n\n\n<p><em>pokud je kurz napl\u00e1nov\u00e1m je term\u00edn a m\u00edsto kurzu uveden pod jeho popisem<\/em><\/p>\n\n\n\n<p><em>mo\u017eno napl\u00e1novat kurz na p\u0159\u00e1n\u00ed pro va\u0161i skupinu osob<\/em><\/p>\n\n\n\n<hr class=\"wp-block-separator has-alpha-channel-opacity\"\/>\n\n\n\n<h2 class=\"wp-block-heading\">KURZ RESUSCITACE A DEFIBRILACE S&nbsp; AED<\/h2>\n\n\n\n<p>4ti hodinov\u00fd kurz kde V\u00e1s nau\u010d\u00edme kvalitn\u011b resuscitovat a bezpe\u010dn\u011b pou\u017e\u00edt automatizovan\u00fd extern\u00ed defibril\u00e1tor v sopuladu s nejnov\u011bj\u0161\u00edmi doporu\u010den\u00edmi <a href=\"https:\/\/www.erc.edu\/\" target=\"_blank\" rel=\"noreferrer noopener\">evropsk\u00e9 resusucita\u010dn\u00ed rady<\/a><\/p>\n\n\n\n<p>Cena 600 K\u010d&nbsp; &nbsp; &nbsp;V\u00fdstup: Potvrzen\u00ed<\/p>\n\n\n\n<figure class=\"wp-block-gallery has-nested-images columns-default is-cropped wp-block-gallery-1 is-layout-flex wp-block-gallery-is-layout-flex\">\n<figure class=\"wp-block-image size-large\"><img loading=\"lazy\" decoding=\"async\" width=\"1024\" height=\"693\" data-id=\"133\" src=\"https:\/\/www.lektorprvnipomoci.cz\/wp-content\/uploads\/2024\/06\/KPR_AED-1024x693.jpg\" alt=\"\" class=\"wp-image-133\" srcset=\"https:\/\/www.lektorprvnipomoci.cz\/wp-content\/uploads\/2024\/06\/KPR_AED-1024x693.jpg 1024w, https:\/\/www.lektorprvnipomoci.cz\/wp-content\/uploads\/2024\/06\/KPR_AED-300x203.jpg 300w, https:\/\/www.lektorprvnipomoci.cz\/wp-content\/uploads\/2024\/06\/KPR_AED-768x520.jpg 768w, https:\/\/www.lektorprvnipomoci.cz\/wp-content\/uploads\/2024\/06\/KPR_AED.jpg 1219w\" sizes=\"auto, (max-width: 1024px) 100vw, 1024px\" \/><\/figure>\n<\/figure>\n\n\n\n<hr class=\"wp-block-separator has-alpha-channel-opacity\"\/>\n\n\n\n<h2 class=\"wp-block-heading\">KURZ RESUSCITACE A DEFIBRILACE S&nbsp; AED U D\u011aT\u00cd<\/h2>\n\n\n\n<p>4ti hodinov\u00fd kurz kde V\u00e1s nau\u010d\u00edme kvalitn\u011b resuscitovat a bezpe\u010dn\u011b pou\u017e\u00edt automatizovan\u00fd extern\u00ed defibril\u00e1tor v sopuladu s nejnov\u011bj\u0161\u00edmi doporu\u010den\u00edmi <a href=\"https:\/\/www.erc.edu\/\" target=\"_blank\" rel=\"noreferrer noopener\">evropsk\u00e9 resusucita\u010dn\u00ed rady<\/a> u d\u011btsk\u00fdch pacient\u016f. <\/p>\n\n\n\n<p>Cena 600 K\u010d&nbsp; &nbsp; &nbsp;V\u00fdstup: Potvrzen\u00ed<\/p>\n\n\n\n<hr class=\"wp-block-separator has-alpha-channel-opacity\"\/>\n\n\n\n<h2 class=\"wp-block-heading\"><strong>Z\u00c1KLADY PRVN\u00cd POMOCI<\/strong><\/h2>\n\n\n\n<p>Z\u00e1kladn\u00ed kurz v rozsahu 8 hodin pro ka\u017ed\u00e9ho kdo chce v\u011bd\u011bt co d\u011blat p\u0159i \u017eivot ohro\u017euj\u00edc\u00edch stavech.<\/p>\n\n\n\n<p>Obsah: bezpe\u010dnost zachr\u00e1nce, p\u0159\u00edstup k bezv\u011bdom\u00e9mu, vol\u00e1n\u00ed ZZS, resuscitace a defibrilace, masivn\u00ed krv\u00e1cen\u00ed, du\u0161en\u00ed, mrtvice, infarkt, k\u0159e\u010dov\u00e9 stavy<\/p>\n\n\n\n<p>Cena: 1200 K\u010d&nbsp; &nbsp; &nbsp; V\u00fdstup: Potvrzen\u00ed<\/p>\n\n\n\n<hr class=\"wp-block-separator has-alpha-channel-opacity\"\/>\n\n\n\n<h2 class=\"wp-block-heading\"><strong>PRVN\u00cd POMOC U D\u011aT\u00cd<\/strong><\/h2>\n\n\n\n<p>V kurzu&nbsp; v rozsahu 6 hodin se nau\u010d\u00edte, jak reagovat v p\u0159\u00edpad\u011b ohro\u017een\u00ed zdrav\u00ed d\u00edt\u011bte a jak p\u0159ivolat odbornou pomoc. Vyzkou\u0161\u00edte si poskytnout prvn\u00ed pomoc p\u0159i bezv\u011bdom\u00ed, z\u00e1stav\u011b dechu a ob\u011bhu a \u00fa\u010dinnou resuscitaci u d\u011bt\u00ed, sezn\u00e1m\u00edte se s pomoc\u00ed p\u0159i du\u0161en\u00ed a dal\u0161\u00edch \u010dast\u00fdch \u00farazov\u00fdch stavech.<\/p>\n\n\n\n<p>Kurz se t\u00fdk\u00e1 v\u011bkov\u00e9 kategorie od novorozenc\u016f do 15 let.<\/p>\n\n\n\n<p>cena 800 K\u010d&nbsp; &nbsp; &nbsp; V\u00fdstup: Potvrzen\u00ed o absolvov\u00e1n\u00ed kurzu<\/p>\n\n\n\n<hr class=\"wp-block-separator has-alpha-channel-opacity\"\/>\n\n\n\n<h3 class=\"wp-block-heading\"><strong>p\u0159ipravujeme:<\/strong><\/h3>\n\n\n\n<h3 class=\"wp-block-heading\"><strong>ZDRAVOTN\u00cdK ZOTAVOVAC\u00cdCH AKC\u00cd<\/strong><\/h3>\n\n\n\n<p>Kurz v souladu s vyhl\u00e1\u0161kou ministerstva zdravotnictv\u00ed 106\/2001 Sb.&nbsp; je rozvr\u017een do \u010dty\u0159 dn\u016f, zahrnuj\u00edc\u00edch teorii a praxi.<\/p>\n\n\n\n<p>Platnost pr\u016fkazu je bez omezen\u00ed (pokud nedojde ke zm\u011bn\u011b legislativy), doporu\u010dujeme, opakovac\u00ed \u0161kolen\u00ed kde V\u00e1s sezn\u00e1m\u00edme s novinkami v legislativ\u011b a doporu\u010den\u00edch evropsk\u00e9 resuscita\u010dn\u00ed rady.<\/p>\n\n\n\n<p>Kurz b\u00fdv\u00e1 rozlo\u017een do dvou v\u00edkend\u016f. Doporu\u010dujeme doplnit o lekci z\u00e1chrany z vody<\/p>\n\n\n\n<p>obsah: \u2013<\/p>\n\n\n\n<ul class=\"wp-block-list\">\n<li>Z\u00e1klady stavby a funkce lidsk\u00e9ho t\u011bla<\/li>\n\n\n\n<li>Prvn\u00ed pomoc \u2013 teoretick\u00e1 \u010d\u00e1st<\/li>\n\n\n\n<li>Prvn\u00ed pomoc \u2013 praktick\u00e1 \u010d\u00e1st<\/li>\n\n\n\n<li>P\u00e9\u010de o nemocn\u00e9<\/li>\n\n\n\n<li>Z\u00e1klady zdravotnick\u00e9 dokumentace<\/li>\n\n\n\n<li>Pr\u00e1va a povinnosti zdravotn\u00edk\u016f zotavovac\u00edch akc\u00ed<\/li>\n\n\n\n<li>Hygiena a epidemiologie<\/li>\n<\/ul>\n\n\n\n<p>\u00a0 \u00a0 \u00a0 \u00a0V\u00fdstup: pr\u016fkaz ZZA a osv\u011bd\u010den\u00ed<\/p>\n\n\n\n<hr class=\"wp-block-separator has-alpha-channel-opacity\"\/>\n\n\n\n<p><strong>Pokud nen\u00ed pr\u00e1v\u011b vyps\u00e1n po\u017eadovan\u00fd kurz, napi\u0161t\u011b si o n\u011bj na info@sarcr.cz<\/strong><\/p>\n","protected":false},"excerpt":{"rendered":"<p>nab\u00edz\u00edm ve solupr\u00e1ci se sarcr.cz kurzy prvn\u00ed pomoci&nbsp; pro ve\u0159ejnost nejr\u016fzn\u011bj\u0161\u00ed organizace a \u0161koly&nbsp; pokud je kurz napl\u00e1nov\u00e1m je term\u00edn a m\u00edsto kurzu uveden pod jeho popisem mo\u017eno napl\u00e1novat kurz na p\u0159\u00e1n\u00ed pro va\u0161i skupinu osob KURZ RESUSCITACE A DEFIBRILACE S&nbsp; AED 4ti hodinov\u00fd kurz kde V\u00e1s nau\u010d\u00edme kvalitn\u011b resuscitovat a bezpe\u010dn\u011b pou\u017e\u00edt automatizovan\u00fd extern\u00ed &hellip; <a href=\"https:\/\/www.lektorprvnipomoci.cz\/?page_id=71\" class=\"more-link\">Pokra\u010dov\u00e1n\u00ed textu <span class=\"screen-reader-text\">Kurzy prvn\u00ed pomoci<\/span> <span class=\"meta-nav\">&rarr;<\/span><\/a><\/p>\n","protected":false},"author":1,"featured_media":0,"parent":0,"menu_order":0,"comment_status":"closed","ping_status":"closed","template":"","meta":{"footnotes":""},"class_list":["post-71","page","type-page","status-publish","hentry"],"yoast_head":"<!-- This site is optimized with the Yoast SEO plugin v26.6 - https:\/\/yoast.com\/wordpress\/plugins\/seo\/ -->\n<title>Kurzy prvn\u00ed pomoci - Pavel Sudzina lektor prvn\u00ed pomoci a pedagog voln\u00e9ho \u010dasu<\/title>\n<meta name=\"robots\" content=\"index, follow, max-snippet:-1, max-image-preview:large, max-video-preview:-1\" \/>\n<link rel=\"canonical\" href=\"https:\/\/www.lektorprvnipomoci.cz\/?page_id=71\" \/>\n<meta property=\"og:locale\" content=\"cs_CZ\" \/>\n<meta property=\"og:type\" content=\"article\" \/>\n<meta property=\"og:title\" content=\"Kurzy prvn\u00ed pomoci - Pavel Sudzina lektor prvn\u00ed pomoci a pedagog voln\u00e9ho \u010dasu\" \/>\n<meta property=\"og:description\" content=\"nab\u00edz\u00edm ve solupr\u00e1ci se sarcr.cz kurzy prvn\u00ed pomoci&nbsp; pro ve\u0159ejnost nejr\u016fzn\u011bj\u0161\u00ed organizace a \u0161koly&nbsp; pokud je kurz napl\u00e1nov\u00e1m je term\u00edn a m\u00edsto kurzu uveden pod jeho popisem mo\u017eno napl\u00e1novat kurz na p\u0159\u00e1n\u00ed pro va\u0161i skupinu osob KURZ RESUSCITACE A DEFIBRILACE S&nbsp; AED 4ti hodinov\u00fd kurz kde V\u00e1s nau\u010d\u00edme kvalitn\u011b resuscitovat a bezpe\u010dn\u011b pou\u017e\u00edt automatizovan\u00fd extern\u00ed &hellip; Pokra\u010dov\u00e1n\u00ed textu Kurzy prvn\u00ed pomoci &rarr;\" \/>\n<meta property=\"og:url\" content=\"https:\/\/www.lektorprvnipomoci.cz\/?page_id=71\" \/>\n<meta property=\"og:site_name\" content=\"Pavel Sudzina lektor prvn\u00ed pomoci a pedagog voln\u00e9ho \u010dasu\" \/>\n<meta property=\"article:modified_time\" content=\"2024-06-19T18:11:35+00:00\" \/>\n<meta property=\"og:image\" content=\"http:\/\/www.rescuedog.cz\/wp-content\/uploads\/2023\/09\/mora-hvezda-zivota.jpg\" \/>\n<meta name=\"twitter:card\" content=\"summary_large_image\" \/>\n<meta name=\"twitter:label1\" content=\"Odhadovan\u00e1 doba \u010dten\u00ed\" \/>\n\t<meta name=\"twitter:data1\" content=\"3 minuty\" \/>\n<script type=\"application\/ld+json\" class=\"yoast-schema-graph\">{\"@context\":\"https:\/\/schema.org\",\"@graph\":[{\"@type\":\"WebPage\",\"@id\":\"https:\/\/www.lektorprvnipomoci.cz\/?page_id=71\",\"url\":\"https:\/\/www.lektorprvnipomoci.cz\/?page_id=71\",\"name\":\"Kurzy prvn\u00ed pomoci - Pavel Sudzina lektor prvn\u00ed pomoci a pedagog voln\u00e9ho \u010dasu\",\"isPartOf\":{\"@id\":\"https:\/\/www.lektorprvnipomoci.cz\/#website\"},\"primaryImageOfPage\":{\"@id\":\"https:\/\/www.lektorprvnipomoci.cz\/?page_id=71#primaryimage\"},\"image\":{\"@id\":\"https:\/\/www.lektorprvnipomoci.cz\/?page_id=71#primaryimage\"},\"thumbnailUrl\":\"http:\/\/www.rescuedog.cz\/wp-content\/uploads\/2023\/09\/mora-hvezda-zivota.jpg\",\"datePublished\":\"2024-01-26T01:46:10+00:00\",\"dateModified\":\"2024-06-19T18:11:35+00:00\",\"breadcrumb\":{\"@id\":\"https:\/\/www.lektorprvnipomoci.cz\/?page_id=71#breadcrumb\"},\"inLanguage\":\"cs\",\"potentialAction\":[{\"@type\":\"ReadAction\",\"target\":[\"https:\/\/www.lektorprvnipomoci.cz\/?page_id=71\"]}]},{\"@type\":\"ImageObject\",\"inLanguage\":\"cs\",\"@id\":\"https:\/\/www.lektorprvnipomoci.cz\/?page_id=71#primaryimage\",\"url\":\"http:\/\/www.rescuedog.cz\/wp-content\/uploads\/2023\/09\/mora-hvezda-zivota.jpg\",\"contentUrl\":\"http:\/\/www.rescuedog.cz\/wp-content\/uploads\/2023\/09\/mora-hvezda-zivota.jpg\"},{\"@type\":\"BreadcrumbList\",\"@id\":\"https:\/\/www.lektorprvnipomoci.cz\/?page_id=71#breadcrumb\",\"itemListElement\":[{\"@type\":\"ListItem\",\"position\":1,\"name\":\"Home\",\"item\":\"https:\/\/www.lektorprvnipomoci.cz\/\"},{\"@type\":\"ListItem\",\"position\":2,\"name\":\"Kurzy prvn\u00ed pomoci\"}]},{\"@type\":\"WebSite\",\"@id\":\"https:\/\/www.lektorprvnipomoci.cz\/#website\",\"url\":\"https:\/\/www.lektorprvnipomoci.cz\/\",\"name\":\"Pavel Sudzina lektor prvn\u00ed pomoci a pedagog voln\u00e9ho \u010dasu\",\"description\":\"str\u00e1nka o m\u011b a nab\u00eddka m\u00fdch slu\u017eeb\",\"potentialAction\":[{\"@type\":\"SearchAction\",\"target\":{\"@type\":\"EntryPoint\",\"urlTemplate\":\"https:\/\/www.lektorprvnipomoci.cz\/?s={search_term_string}\"},\"query-input\":{\"@type\":\"PropertyValueSpecification\",\"valueRequired\":true,\"valueName\":\"search_term_string\"}}],\"inLanguage\":\"cs\"}]}<\/script>\n<!-- \/ Yoast SEO plugin. -->","yoast_head_json":{"title":"Kurzy prvn\u00ed pomoci - Pavel Sudzina lektor prvn\u00ed pomoci a pedagog voln\u00e9ho \u010dasu","robots":{"index":"index","follow":"follow","max-snippet":"max-snippet:-1","max-image-preview":"max-image-preview:large","max-video-preview":"max-video-preview:-1"},"canonical":"https:\/\/www.lektorprvnipomoci.cz\/?page_id=71","og_locale":"cs_CZ","og_type":"article","og_title":"Kurzy prvn\u00ed pomoci - Pavel Sudzina lektor prvn\u00ed pomoci a pedagog voln\u00e9ho \u010dasu","og_description":"nab\u00edz\u00edm ve solupr\u00e1ci se sarcr.cz kurzy prvn\u00ed pomoci&nbsp; pro ve\u0159ejnost nejr\u016fzn\u011bj\u0161\u00ed organizace a \u0161koly&nbsp; pokud je kurz napl\u00e1nov\u00e1m je term\u00edn a m\u00edsto kurzu uveden pod jeho popisem mo\u017eno napl\u00e1novat kurz na p\u0159\u00e1n\u00ed pro va\u0161i skupinu osob KURZ RESUSCITACE A DEFIBRILACE S&nbsp; AED 4ti hodinov\u00fd kurz kde V\u00e1s nau\u010d\u00edme kvalitn\u011b resuscitovat a bezpe\u010dn\u011b pou\u017e\u00edt automatizovan\u00fd extern\u00ed &hellip; Pokra\u010dov\u00e1n\u00ed textu Kurzy prvn\u00ed pomoci &rarr;","og_url":"https:\/\/www.lektorprvnipomoci.cz\/?page_id=71","og_site_name":"Pavel Sudzina lektor prvn\u00ed pomoci a pedagog voln\u00e9ho \u010dasu","article_modified_time":"2024-06-19T18:11:35+00:00","og_image":[{"url":"http:\/\/www.rescuedog.cz\/wp-content\/uploads\/2023\/09\/mora-hvezda-zivota.jpg","type":"","width":"","height":""}],"twitter_card":"summary_large_image","twitter_misc":{"Odhadovan\u00e1 doba \u010dten\u00ed":"3 minuty"},"schema":{"@context":"https:\/\/schema.org","@graph":[{"@type":"WebPage","@id":"https:\/\/www.lektorprvnipomoci.cz\/?page_id=71","url":"https:\/\/www.lektorprvnipomoci.cz\/?page_id=71","name":"Kurzy prvn\u00ed pomoci - Pavel Sudzina lektor prvn\u00ed pomoci a pedagog voln\u00e9ho \u010dasu","isPartOf":{"@id":"https:\/\/www.lektorprvnipomoci.cz\/#website"},"primaryImageOfPage":{"@id":"https:\/\/www.lektorprvnipomoci.cz\/?page_id=71#primaryimage"},"image":{"@id":"https:\/\/www.lektorprvnipomoci.cz\/?page_id=71#primaryimage"},"thumbnailUrl":"http:\/\/www.rescuedog.cz\/wp-content\/uploads\/2023\/09\/mora-hvezda-zivota.jpg","datePublished":"2024-01-26T01:46:10+00:00","dateModified":"2024-06-19T18:11:35+00:00","breadcrumb":{"@id":"https:\/\/www.lektorprvnipomoci.cz\/?page_id=71#breadcrumb"},"inLanguage":"cs","potentialAction":[{"@type":"ReadAction","target":["https:\/\/www.lektorprvnipomoci.cz\/?page_id=71"]}]},{"@type":"ImageObject","inLanguage":"cs","@id":"https:\/\/www.lektorprvnipomoci.cz\/?page_id=71#primaryimage","url":"http:\/\/www.rescuedog.cz\/wp-content\/uploads\/2023\/09\/mora-hvezda-zivota.jpg","contentUrl":"http:\/\/www.rescuedog.cz\/wp-content\/uploads\/2023\/09\/mora-hvezda-zivota.jpg"},{"@type":"BreadcrumbList","@id":"https:\/\/www.lektorprvnipomoci.cz\/?page_id=71#breadcrumb","itemListElement":[{"@type":"ListItem","position":1,"name":"Home","item":"https:\/\/www.lektorprvnipomoci.cz\/"},{"@type":"ListItem","position":2,"name":"Kurzy prvn\u00ed pomoci"}]},{"@type":"WebSite","@id":"https:\/\/www.lektorprvnipomoci.cz\/#website","url":"https:\/\/www.lektorprvnipomoci.cz\/","name":"Pavel Sudzina lektor prvn\u00ed pomoci a pedagog voln\u00e9ho \u010dasu","description":"str\u00e1nka o m\u011b a nab\u00eddka m\u00fdch slu\u017eeb","potentialAction":[{"@type":"SearchAction","target":{"@type":"EntryPoint","urlTemplate":"https:\/\/www.lektorprvnipomoci.cz\/?s={search_term_string}"},"query-input":{"@type":"PropertyValueSpecification","valueRequired":true,"valueName":"search_term_string"}}],"inLanguage":"cs"}]}},"_links":{"self":[{"href":"https:\/\/www.lektorprvnipomoci.cz\/index.php?rest_route=\/wp\/v2\/pages\/71","targetHints":{"allow":["GET"]}}],"collection":[{"href":"https:\/\/www.lektorprvnipomoci.cz\/index.php?rest_route=\/wp\/v2\/pages"}],"about":[{"href":"https:\/\/www.lektorprvnipomoci.cz\/index.php?rest_route=\/wp\/v2\/types\/page"}],"author":[{"embeddable":true,"href":"https:\/\/www.lektorprvnipomoci.cz\/index.php?rest_route=\/wp\/v2\/users\/1"}],"replies":[{"embeddable":true,"href":"https:\/\/www.lektorprvnipomoci.cz\/index.php?rest_route=%2Fwp%2Fv2%2Fcomments&post=71"}],"version-history":[{"count":6,"href":"https:\/\/www.lektorprvnipomoci.cz\/index.php?rest_route=\/wp\/v2\/pages\/71\/revisions"}],"predecessor-version":[{"id":137,"href":"https:\/\/www.lektorprvnipomoci.cz\/index.php?rest_route=\/wp\/v2\/pages\/71\/revisions\/137"}],"wp:attachment":[{"href":"https:\/\/www.lektorprvnipomoci.cz\/index.php?rest_route=%2Fwp%2Fv2%2Fmedia&parent=71"}],"curies":[{"name":"wp","href":"https:\/\/api.w.org\/{rel}","templated":true}]}}