{"id":65,"date":"2024-01-26T02:36:52","date_gmt":"2024-01-26T01:36:52","guid":{"rendered":"https:\/\/www.lektorprvnipomoci.cz\/?page_id=65"},"modified":"2025-12-19T14:44:41","modified_gmt":"2025-12-19T13:44:41","slug":"ostatni-pribuzne-kvalifikace","status":"publish","type":"page","link":"https:\/\/www.lektorprvnipomoci.cz\/?page_id=65","title":{"rendered":"Ostatn\u00ed p\u0159\u00edbuzn\u00e9 kvalifikace"},"content":{"rendered":"\n<figure class=\"wp-block-image size-large\"><img loading=\"lazy\" decoding=\"async\" width=\"713\" height=\"1024\" src=\"https:\/\/www.lektorprvnipomoci.cz\/wp-content\/uploads\/2024\/01\/lezec-713x1024.jpg\" alt=\"\" class=\"wp-image-66\" srcset=\"https:\/\/www.lektorprvnipomoci.cz\/wp-content\/uploads\/2024\/01\/lezec-713x1024.jpg 713w, https:\/\/www.lektorprvnipomoci.cz\/wp-content\/uploads\/2024\/01\/lezec-209x300.jpg 209w, https:\/\/www.lektorprvnipomoci.cz\/wp-content\/uploads\/2024\/01\/lezec-768x1103.jpg 768w, https:\/\/www.lektorprvnipomoci.cz\/wp-content\/uploads\/2024\/01\/lezec-1070x1536.jpg 1070w, https:\/\/www.lektorprvnipomoci.cz\/wp-content\/uploads\/2024\/01\/lezec-300x431.jpg 300w, https:\/\/www.lektorprvnipomoci.cz\/wp-content\/uploads\/2024\/01\/lezec.jpg 1398w\" sizes=\"auto, (max-width: 713px) 100vw, 713px\" \/><\/figure>\n\n\n\n<figure class=\"wp-block-image size-large\"><img loading=\"lazy\" decoding=\"async\" width=\"739\" height=\"1024\" src=\"https:\/\/www.lektorprvnipomoci.cz\/wp-content\/uploads\/2025\/02\/lezeni-na-umelych-stenach-739x1024.jpg\" alt=\"\" class=\"wp-image-162\" srcset=\"https:\/\/www.lektorprvnipomoci.cz\/wp-content\/uploads\/2025\/02\/lezeni-na-umelych-stenach-739x1024.jpg 739w, https:\/\/www.lektorprvnipomoci.cz\/wp-content\/uploads\/2025\/02\/lezeni-na-umelych-stenach-216x300.jpg 216w, https:\/\/www.lektorprvnipomoci.cz\/wp-content\/uploads\/2025\/02\/lezeni-na-umelych-stenach-768x1065.jpg 768w, https:\/\/www.lektorprvnipomoci.cz\/wp-content\/uploads\/2025\/02\/lezeni-na-umelych-stenach-300x416.jpg 300w, https:\/\/www.lektorprvnipomoci.cz\/wp-content\/uploads\/2025\/02\/lezeni-na-umelych-stenach.jpg 826w\" sizes=\"auto, (max-width: 739px) 100vw, 739px\" \/><figcaption class=\"wp-element-caption\"><sub><sub><strong>Absolvent kurzu je opr\u00e1vn\u011bn v\u00e9st lekce lezen\u00ed na um\u011bl\u00e9 st\u011bn\u011b v&nbsp;r\u00e1mci \u0161koln\u00edho vyu\u010dov\u00e1n\u00ed, z\u00e1jmov\u00fdch krou\u017ek\u016f nebo kurz\u016f lezen\u00ed p\u0159i um\u011bl\u00fdch st\u011bn\u00e1ch.<\/strong><\/sub><\/sub><\/figcaption><\/figure>\n\n\n\n<p><\/p>\n\n\n\n<figure class=\"wp-block-image size-large\"><img loading=\"lazy\" decoding=\"async\" width=\"727\" height=\"1024\" src=\"https:\/\/www.lektorprvnipomoci.cz\/wp-content\/uploads\/2024\/10\/sportovni-priprava-deti-727x1024.jpg\" alt=\"\" class=\"wp-image-156\" srcset=\"https:\/\/www.lektorprvnipomoci.cz\/wp-content\/uploads\/2024\/10\/sportovni-priprava-deti-727x1024.jpg 727w, https:\/\/www.lektorprvnipomoci.cz\/wp-content\/uploads\/2024\/10\/sportovni-priprava-deti-213x300.jpg 213w, https:\/\/www.lektorprvnipomoci.cz\/wp-content\/uploads\/2024\/10\/sportovni-priprava-deti-768x1081.jpg 768w, https:\/\/www.lektorprvnipomoci.cz\/wp-content\/uploads\/2024\/10\/sportovni-priprava-deti-1091x1536.jpg 1091w, https:\/\/www.lektorprvnipomoci.cz\/wp-content\/uploads\/2024\/10\/sportovni-priprava-deti-1455x2048.jpg 1455w, https:\/\/www.lektorprvnipomoci.cz\/wp-content\/uploads\/2024\/10\/sportovni-priprava-deti-300x422.jpg 300w, https:\/\/www.lektorprvnipomoci.cz\/wp-content\/uploads\/2024\/10\/sportovni-priprava-deti-scaled.jpg 1818w\" sizes=\"auto, (max-width: 727px) 100vw, 727px\" \/><\/figure>\n\n\n\n<figure class=\"wp-block-image size-large is-resized\"><img loading=\"lazy\" decoding=\"async\" width=\"727\" height=\"1024\" src=\"https:\/\/www.lektorprvnipomoci.cz\/wp-content\/uploads\/2024\/05\/trener-III-727x1024.jpg\" alt=\"\" class=\"wp-image-112\" style=\"width:800px;height:auto\" srcset=\"https:\/\/www.lektorprvnipomoci.cz\/wp-content\/uploads\/2024\/05\/trener-III-727x1024.jpg 727w, https:\/\/www.lektorprvnipomoci.cz\/wp-content\/uploads\/2024\/05\/trener-III-213x300.jpg 213w, https:\/\/www.lektorprvnipomoci.cz\/wp-content\/uploads\/2024\/05\/trener-III-768x1082.jpg 768w, https:\/\/www.lektorprvnipomoci.cz\/wp-content\/uploads\/2024\/05\/trener-III-1090x1536.jpg 1090w, https:\/\/www.lektorprvnipomoci.cz\/wp-content\/uploads\/2024\/05\/trener-III-1453x2048.jpg 1453w, https:\/\/www.lektorprvnipomoci.cz\/wp-content\/uploads\/2024\/05\/trener-III-300x423.jpg 300w, https:\/\/www.lektorprvnipomoci.cz\/wp-content\/uploads\/2024\/05\/trener-III-scaled.jpg 1816w\" sizes=\"auto, (max-width: 727px) 100vw, 727px\" \/><\/figure>\n\n\n\n<p><\/p>\n\n\n\n<figure class=\"wp-block-image size-large\"><img loading=\"lazy\" decoding=\"async\" width=\"714\" height=\"1024\" src=\"https:\/\/www.lektorprvnipomoci.cz\/wp-content\/uploads\/2024\/01\/czv_masaz-714x1024.jpg\" alt=\"\" class=\"wp-image-67\" srcset=\"https:\/\/www.lektorprvnipomoci.cz\/wp-content\/uploads\/2024\/01\/czv_masaz-714x1024.jpg 714w, https:\/\/www.lektorprvnipomoci.cz\/wp-content\/uploads\/2024\/01\/czv_masaz-209x300.jpg 209w, https:\/\/www.lektorprvnipomoci.cz\/wp-content\/uploads\/2024\/01\/czv_masaz-768x1102.jpg 768w, https:\/\/www.lektorprvnipomoci.cz\/wp-content\/uploads\/2024\/01\/czv_masaz-1071x1536.jpg 1071w, https:\/\/www.lektorprvnipomoci.cz\/wp-content\/uploads\/2024\/01\/czv_masaz-1428x2048.jpg 1428w, https:\/\/www.lektorprvnipomoci.cz\/wp-content\/uploads\/2024\/01\/czv_masaz-300x430.jpg 300w, https:\/\/www.lektorprvnipomoci.cz\/wp-content\/uploads\/2024\/01\/czv_masaz-scaled.jpg 1785w\" sizes=\"auto, (max-width: 714px) 100vw, 714px\" \/><\/figure>\n\n\n\n<figure class=\"wp-block-image size-large\"><img loading=\"lazy\" decoding=\"async\" width=\"1024\" height=\"769\" src=\"https:\/\/www.lektorprvnipomoci.cz\/wp-content\/uploads\/2025\/12\/Tape-1024x769.jpg\" alt=\"\" class=\"wp-image-177\" srcset=\"https:\/\/www.lektorprvnipomoci.cz\/wp-content\/uploads\/2025\/12\/Tape-1024x769.jpg 1024w, https:\/\/www.lektorprvnipomoci.cz\/wp-content\/uploads\/2025\/12\/Tape-300x225.jpg 300w, https:\/\/www.lektorprvnipomoci.cz\/wp-content\/uploads\/2025\/12\/Tape-768x576.jpg 768w, https:\/\/www.lektorprvnipomoci.cz\/wp-content\/uploads\/2025\/12\/Tape-1536x1153.jpg 1536w, https:\/\/www.lektorprvnipomoci.cz\/wp-content\/uploads\/2025\/12\/Tape-2048x1537.jpg 2048w\" sizes=\"auto, (max-width: 1024px) 100vw, 1024px\" \/><\/figure>\n\n\n\n<figure class=\"wp-block-image size-large\"><img loading=\"lazy\" decoding=\"async\" width=\"1024\" height=\"776\" src=\"https:\/\/www.lektorprvnipomoci.cz\/wp-content\/uploads\/2025\/12\/TapeAdvanced-1024x776.jpg\" alt=\"\" class=\"wp-image-181\" srcset=\"https:\/\/www.lektorprvnipomoci.cz\/wp-content\/uploads\/2025\/12\/TapeAdvanced-1024x776.jpg 1024w, https:\/\/www.lektorprvnipomoci.cz\/wp-content\/uploads\/2025\/12\/TapeAdvanced-300x227.jpg 300w, https:\/\/www.lektorprvnipomoci.cz\/wp-content\/uploads\/2025\/12\/TapeAdvanced-768x582.jpg 768w, https:\/\/www.lektorprvnipomoci.cz\/wp-content\/uploads\/2025\/12\/TapeAdvanced.jpg 1088w\" sizes=\"auto, (max-width: 1024px) 100vw, 1024px\" \/><\/figure>\n\n\n\n<figure class=\"wp-block-image size-large\"><img loading=\"lazy\" decoding=\"async\" width=\"734\" height=\"1024\" src=\"https:\/\/www.lektorprvnipomoci.cz\/wp-content\/uploads\/2024\/01\/prvni-psychicke-pomoci-734x1024.jpg\" alt=\"\" class=\"wp-image-68\" srcset=\"https:\/\/www.lektorprvnipomoci.cz\/wp-content\/uploads\/2024\/01\/prvni-psychicke-pomoci-734x1024.jpg 734w, https:\/\/www.lektorprvnipomoci.cz\/wp-content\/uploads\/2024\/01\/prvni-psychicke-pomoci-215x300.jpg 215w, https:\/\/www.lektorprvnipomoci.cz\/wp-content\/uploads\/2024\/01\/prvni-psychicke-pomoci-768x1071.jpg 768w, https:\/\/www.lektorprvnipomoci.cz\/wp-content\/uploads\/2024\/01\/prvni-psychicke-pomoci-1101x1536.jpg 1101w, https:\/\/www.lektorprvnipomoci.cz\/wp-content\/uploads\/2024\/01\/prvni-psychicke-pomoci-1469x2048.jpg 1469w, https:\/\/www.lektorprvnipomoci.cz\/wp-content\/uploads\/2024\/01\/prvni-psychicke-pomoci-300x418.jpg 300w, https:\/\/www.lektorprvnipomoci.cz\/wp-content\/uploads\/2024\/01\/prvni-psychicke-pomoci-scaled.jpg 1836w\" sizes=\"auto, (max-width: 734px) 100vw, 734px\" \/><\/figure>\n","protected":false},"excerpt":{"rendered":"","protected":false},"author":1,"featured_media":0,"parent":0,"menu_order":0,"comment_status":"closed","ping_status":"closed","template":"","meta":{"footnotes":""},"class_list":["post-65","page","type-page","status-publish","hentry"],"yoast_head":"<!-- This site is optimized with the Yoast SEO plugin v26.6 - https:\/\/yoast.com\/wordpress\/plugins\/seo\/ -->\n<title>Ostatn\u00ed p\u0159\u00edbuzn\u00e9 kvalifikace - Pavel Sudzina lektor prvn\u00ed pomoci a pedagog voln\u00e9ho \u010dasu<\/title>\n<meta name=\"robots\" content=\"index, follow, max-snippet:-1, max-image-preview:large, max-video-preview:-1\" \/>\n<link rel=\"canonical\" href=\"https:\/\/www.lektorprvnipomoci.cz\/?page_id=65\" \/>\n<meta property=\"og:locale\" content=\"cs_CZ\" \/>\n<meta property=\"og:type\" content=\"article\" \/>\n<meta property=\"og:title\" content=\"Ostatn\u00ed p\u0159\u00edbuzn\u00e9 kvalifikace - Pavel Sudzina lektor prvn\u00ed pomoci a pedagog voln\u00e9ho \u010dasu\" \/>\n<meta property=\"og:url\" content=\"https:\/\/www.lektorprvnipomoci.cz\/?page_id=65\" \/>\n<meta property=\"og:site_name\" content=\"Pavel Sudzina lektor prvn\u00ed pomoci a pedagog voln\u00e9ho \u010dasu\" \/>\n<meta property=\"article:modified_time\" content=\"2025-12-19T13:44:41+00:00\" \/>\n<meta property=\"og:image\" content=\"https:\/\/www.lektorprvnipomoci.cz\/wp-content\/uploads\/2024\/01\/lezec-713x1024.jpg\" \/>\n<meta name=\"twitter:card\" content=\"summary_large_image\" \/>\n<meta name=\"twitter:label1\" content=\"Odhadovan\u00e1 doba \u010dten\u00ed\" \/>\n\t<meta name=\"twitter:data1\" content=\"2 minuty\" \/>\n<script type=\"application\/ld+json\" class=\"yoast-schema-graph\">{\"@context\":\"https:\/\/schema.org\",\"@graph\":[{\"@type\":\"WebPage\",\"@id\":\"https:\/\/www.lektorprvnipomoci.cz\/?page_id=65\",\"url\":\"https:\/\/www.lektorprvnipomoci.cz\/?page_id=65\",\"name\":\"Ostatn\u00ed p\u0159\u00edbuzn\u00e9 kvalifikace - Pavel Sudzina lektor prvn\u00ed pomoci a pedagog voln\u00e9ho \u010dasu\",\"isPartOf\":{\"@id\":\"https:\/\/www.lektorprvnipomoci.cz\/#website\"},\"primaryImageOfPage\":{\"@id\":\"https:\/\/www.lektorprvnipomoci.cz\/?page_id=65#primaryimage\"},\"image\":{\"@id\":\"https:\/\/www.lektorprvnipomoci.cz\/?page_id=65#primaryimage\"},\"thumbnailUrl\":\"https:\/\/www.lektorprvnipomoci.cz\/wp-content\/uploads\/2024\/01\/lezec-713x1024.jpg\",\"datePublished\":\"2024-01-26T01:36:52+00:00\",\"dateModified\":\"2025-12-19T13:44:41+00:00\",\"breadcrumb\":{\"@id\":\"https:\/\/www.lektorprvnipomoci.cz\/?page_id=65#breadcrumb\"},\"inLanguage\":\"cs\",\"potentialAction\":[{\"@type\":\"ReadAction\",\"target\":[\"https:\/\/www.lektorprvnipomoci.cz\/?page_id=65\"]}]},{\"@type\":\"ImageObject\",\"inLanguage\":\"cs\",\"@id\":\"https:\/\/www.lektorprvnipomoci.cz\/?page_id=65#primaryimage\",\"url\":\"https:\/\/www.lektorprvnipomoci.cz\/wp-content\/uploads\/2024\/01\/lezec.jpg\",\"contentUrl\":\"https:\/\/www.lektorprvnipomoci.cz\/wp-content\/uploads\/2024\/01\/lezec.jpg\",\"width\":1398,\"height\":2007},{\"@type\":\"BreadcrumbList\",\"@id\":\"https:\/\/www.lektorprvnipomoci.cz\/?page_id=65#breadcrumb\",\"itemListElement\":[{\"@type\":\"ListItem\",\"position\":1,\"name\":\"Home\",\"item\":\"https:\/\/www.lektorprvnipomoci.cz\/\"},{\"@type\":\"ListItem\",\"position\":2,\"name\":\"Ostatn\u00ed p\u0159\u00edbuzn\u00e9 kvalifikace\"}]},{\"@type\":\"WebSite\",\"@id\":\"https:\/\/www.lektorprvnipomoci.cz\/#website\",\"url\":\"https:\/\/www.lektorprvnipomoci.cz\/\",\"name\":\"Pavel Sudzina lektor prvn\u00ed pomoci a pedagog voln\u00e9ho \u010dasu\",\"description\":\"str\u00e1nka o m\u011b a nab\u00eddka m\u00fdch slu\u017eeb\",\"potentialAction\":[{\"@type\":\"SearchAction\",\"target\":{\"@type\":\"EntryPoint\",\"urlTemplate\":\"https:\/\/www.lektorprvnipomoci.cz\/?s={search_term_string}\"},\"query-input\":{\"@type\":\"PropertyValueSpecification\",\"valueRequired\":true,\"valueName\":\"search_term_string\"}}],\"inLanguage\":\"cs\"}]}<\/script>\n<!-- \/ Yoast SEO plugin. -->","yoast_head_json":{"title":"Ostatn\u00ed p\u0159\u00edbuzn\u00e9 kvalifikace - Pavel Sudzina lektor prvn\u00ed pomoci a pedagog voln\u00e9ho \u010dasu","robots":{"index":"index","follow":"follow","max-snippet":"max-snippet:-1","max-image-preview":"max-image-preview:large","max-video-preview":"max-video-preview:-1"},"canonical":"https:\/\/www.lektorprvnipomoci.cz\/?page_id=65","og_locale":"cs_CZ","og_type":"article","og_title":"Ostatn\u00ed p\u0159\u00edbuzn\u00e9 kvalifikace - Pavel Sudzina lektor prvn\u00ed pomoci a pedagog voln\u00e9ho \u010dasu","og_url":"https:\/\/www.lektorprvnipomoci.cz\/?page_id=65","og_site_name":"Pavel Sudzina lektor prvn\u00ed pomoci a pedagog voln\u00e9ho \u010dasu","article_modified_time":"2025-12-19T13:44:41+00:00","og_image":[{"url":"https:\/\/www.lektorprvnipomoci.cz\/wp-content\/uploads\/2024\/01\/lezec-713x1024.jpg","type":"","width":"","height":""}],"twitter_card":"summary_large_image","twitter_misc":{"Odhadovan\u00e1 doba \u010dten\u00ed":"2 minuty"},"schema":{"@context":"https:\/\/schema.org","@graph":[{"@type":"WebPage","@id":"https:\/\/www.lektorprvnipomoci.cz\/?page_id=65","url":"https:\/\/www.lektorprvnipomoci.cz\/?page_id=65","name":"Ostatn\u00ed p\u0159\u00edbuzn\u00e9 kvalifikace - Pavel Sudzina lektor prvn\u00ed pomoci a pedagog voln\u00e9ho \u010dasu","isPartOf":{"@id":"https:\/\/www.lektorprvnipomoci.cz\/#website"},"primaryImageOfPage":{"@id":"https:\/\/www.lektorprvnipomoci.cz\/?page_id=65#primaryimage"},"image":{"@id":"https:\/\/www.lektorprvnipomoci.cz\/?page_id=65#primaryimage"},"thumbnailUrl":"https:\/\/www.lektorprvnipomoci.cz\/wp-content\/uploads\/2024\/01\/lezec-713x1024.jpg","datePublished":"2024-01-26T01:36:52+00:00","dateModified":"2025-12-19T13:44:41+00:00","breadcrumb":{"@id":"https:\/\/www.lektorprvnipomoci.cz\/?page_id=65#breadcrumb"},"inLanguage":"cs","potentialAction":[{"@type":"ReadAction","target":["https:\/\/www.lektorprvnipomoci.cz\/?page_id=65"]}]},{"@type":"ImageObject","inLanguage":"cs","@id":"https:\/\/www.lektorprvnipomoci.cz\/?page_id=65#primaryimage","url":"https:\/\/www.lektorprvnipomoci.cz\/wp-content\/uploads\/2024\/01\/lezec.jpg","contentUrl":"https:\/\/www.lektorprvnipomoci.cz\/wp-content\/uploads\/2024\/01\/lezec.jpg","width":1398,"height":2007},{"@type":"BreadcrumbList","@id":"https:\/\/www.lektorprvnipomoci.cz\/?page_id=65#breadcrumb","itemListElement":[{"@type":"ListItem","position":1,"name":"Home","item":"https:\/\/www.lektorprvnipomoci.cz\/"},{"@type":"ListItem","position":2,"name":"Ostatn\u00ed p\u0159\u00edbuzn\u00e9 kvalifikace"}]},{"@type":"WebSite","@id":"https:\/\/www.lektorprvnipomoci.cz\/#website","url":"https:\/\/www.lektorprvnipomoci.cz\/","name":"Pavel Sudzina lektor prvn\u00ed pomoci a pedagog voln\u00e9ho \u010dasu","description":"str\u00e1nka o m\u011b a nab\u00eddka m\u00fdch slu\u017eeb","potentialAction":[{"@type":"SearchAction","target":{"@type":"EntryPoint","urlTemplate":"https:\/\/www.lektorprvnipomoci.cz\/?s={search_term_string}"},"query-input":{"@type":"PropertyValueSpecification","valueRequired":true,"valueName":"search_term_string"}}],"inLanguage":"cs"}]}},"_links":{"self":[{"href":"https:\/\/www.lektorprvnipomoci.cz\/index.php?rest_route=\/wp\/v2\/pages\/65","targetHints":{"allow":["GET"]}}],"collection":[{"href":"https:\/\/www.lektorprvnipomoci.cz\/index.php?rest_route=\/wp\/v2\/pages"}],"about":[{"href":"https:\/\/www.lektorprvnipomoci.cz\/index.php?rest_route=\/wp\/v2\/types\/page"}],"author":[{"embeddable":true,"href":"https:\/\/www.lektorprvnipomoci.cz\/index.php?rest_route=\/wp\/v2\/users\/1"}],"replies":[{"embeddable":true,"href":"https:\/\/www.lektorprvnipomoci.cz\/index.php?rest_route=%2Fwp%2Fv2%2Fcomments&post=65"}],"version-history":[{"count":5,"href":"https:\/\/www.lektorprvnipomoci.cz\/index.php?rest_route=\/wp\/v2\/pages\/65\/revisions"}],"predecessor-version":[{"id":183,"href":"https:\/\/www.lektorprvnipomoci.cz\/index.php?rest_route=\/wp\/v2\/pages\/65\/revisions\/183"}],"wp:attachment":[{"href":"https:\/\/www.lektorprvnipomoci.cz\/index.php?rest_route=%2Fwp%2Fv2%2Fmedia&parent=65"}],"curies":[{"name":"wp","href":"https:\/\/api.w.org\/{rel}","templated":true}]}}