{"id":59,"date":"2024-01-26T02:33:20","date_gmt":"2024-01-26T01:33:20","guid":{"rendered":"https:\/\/www.lektorprvnipomoci.cz\/?page_id=59"},"modified":"2025-11-10T16:47:48","modified_gmt":"2025-11-10T15:47:48","slug":"certifikaty-prvni-pomoc","status":"publish","type":"page","link":"https:\/\/www.lektorprvnipomoci.cz\/?page_id=59","title":{"rendered":"certifik\u00e1ty prvn\u00ed pomoc"},"content":{"rendered":"\n<figure class=\"wp-block-image size-large\"><img loading=\"lazy\" decoding=\"async\" width=\"746\" height=\"1024\" src=\"https:\/\/www.lektorprvnipomoci.cz\/wp-content\/uploads\/2024\/01\/osvedceni-ZZA-1-746x1024.jpg\" alt=\"\" class=\"wp-image-60\" srcset=\"https:\/\/www.lektorprvnipomoci.cz\/wp-content\/uploads\/2024\/01\/osvedceni-ZZA-1-746x1024.jpg 746w, https:\/\/www.lektorprvnipomoci.cz\/wp-content\/uploads\/2024\/01\/osvedceni-ZZA-1-219x300.jpg 219w, https:\/\/www.lektorprvnipomoci.cz\/wp-content\/uploads\/2024\/01\/osvedceni-ZZA-1-768x1054.jpg 768w, https:\/\/www.lektorprvnipomoci.cz\/wp-content\/uploads\/2024\/01\/osvedceni-ZZA-1-1119x1536.jpg 1119w, https:\/\/www.lektorprvnipomoci.cz\/wp-content\/uploads\/2024\/01\/osvedceni-ZZA-1-1492x2048.jpg 1492w, https:\/\/www.lektorprvnipomoci.cz\/wp-content\/uploads\/2024\/01\/osvedceni-ZZA-1-300x412.jpg 300w, https:\/\/www.lektorprvnipomoci.cz\/wp-content\/uploads\/2024\/01\/osvedceni-ZZA-1-scaled.jpg 1865w\" sizes=\"auto, (max-width: 746px) 100vw, 746px\" \/><\/figure>\n\n\n\n<figure class=\"wp-block-image size-full is-resized\"><img loading=\"lazy\" decoding=\"async\" width=\"692\" height=\"888\" src=\"https:\/\/www.lektorprvnipomoci.cz\/wp-content\/uploads\/2024\/01\/cpp.jpg\" alt=\"\" class=\"wp-image-61\" style=\"width:800px;height:auto\" srcset=\"https:\/\/www.lektorprvnipomoci.cz\/wp-content\/uploads\/2024\/01\/cpp.jpg 692w, https:\/\/www.lektorprvnipomoci.cz\/wp-content\/uploads\/2024\/01\/cpp-234x300.jpg 234w, https:\/\/www.lektorprvnipomoci.cz\/wp-content\/uploads\/2024\/01\/cpp-300x385.jpg 300w\" sizes=\"auto, (max-width: 692px) 100vw, 692px\" \/><\/figure>\n\n\n\n<figure class=\"wp-block-image size-large\"><img loading=\"lazy\" decoding=\"async\" width=\"735\" height=\"1024\" src=\"https:\/\/www.lektorprvnipomoci.cz\/wp-content\/uploads\/2024\/10\/moderni-osetrovatelstvi-735x1024.jpg\" alt=\"\" class=\"wp-image-154\" srcset=\"https:\/\/www.lektorprvnipomoci.cz\/wp-content\/uploads\/2024\/10\/moderni-osetrovatelstvi-735x1024.jpg 735w, https:\/\/www.lektorprvnipomoci.cz\/wp-content\/uploads\/2024\/10\/moderni-osetrovatelstvi-215x300.jpg 215w, https:\/\/www.lektorprvnipomoci.cz\/wp-content\/uploads\/2024\/10\/moderni-osetrovatelstvi-768x1070.jpg 768w, https:\/\/www.lektorprvnipomoci.cz\/wp-content\/uploads\/2024\/10\/moderni-osetrovatelstvi-1103x1536.jpg 1103w, https:\/\/www.lektorprvnipomoci.cz\/wp-content\/uploads\/2024\/10\/moderni-osetrovatelstvi-1470x2048.jpg 1470w, https:\/\/www.lektorprvnipomoci.cz\/wp-content\/uploads\/2024\/10\/moderni-osetrovatelstvi-300x418.jpg 300w, https:\/\/www.lektorprvnipomoci.cz\/wp-content\/uploads\/2024\/10\/moderni-osetrovatelstvi-scaled.jpg 1838w\" sizes=\"auto, (max-width: 735px) 100vw, 735px\" \/><\/figure>\n\n\n\n<figure class=\"wp-block-image size-large\"><img loading=\"lazy\" decoding=\"async\" width=\"727\" height=\"1024\" src=\"https:\/\/www.lektorprvnipomoci.cz\/wp-content\/uploads\/2024\/01\/ucim-PP_potvrz-727x1024.jpg\" alt=\"\" class=\"wp-image-62\" srcset=\"https:\/\/www.lektorprvnipomoci.cz\/wp-content\/uploads\/2024\/01\/ucim-PP_potvrz-727x1024.jpg 727w, https:\/\/www.lektorprvnipomoci.cz\/wp-content\/uploads\/2024\/01\/ucim-PP_potvrz-213x300.jpg 213w, https:\/\/www.lektorprvnipomoci.cz\/wp-content\/uploads\/2024\/01\/ucim-PP_potvrz-768x1082.jpg 768w, https:\/\/www.lektorprvnipomoci.cz\/wp-content\/uploads\/2024\/01\/ucim-PP_potvrz-300x423.jpg 300w, https:\/\/www.lektorprvnipomoci.cz\/wp-content\/uploads\/2024\/01\/ucim-PP_potvrz.jpg 826w\" sizes=\"auto, (max-width: 727px) 100vw, 727px\" \/><\/figure>\n\n\n\n<figure class=\"wp-block-image size-large\"><img loading=\"lazy\" decoding=\"async\" width=\"727\" height=\"1024\" src=\"https:\/\/www.lektorprvnipomoci.cz\/wp-content\/uploads\/2025\/11\/ucim-PP-Sudzina-727x1024.jpg\" alt=\"\" class=\"wp-image-170\" srcset=\"https:\/\/www.lektorprvnipomoci.cz\/wp-content\/uploads\/2025\/11\/ucim-PP-Sudzina-727x1024.jpg 727w, https:\/\/www.lektorprvnipomoci.cz\/wp-content\/uploads\/2025\/11\/ucim-PP-Sudzina-213x300.jpg 213w, https:\/\/www.lektorprvnipomoci.cz\/wp-content\/uploads\/2025\/11\/ucim-PP-Sudzina-768x1082.jpg 768w, https:\/\/www.lektorprvnipomoci.cz\/wp-content\/uploads\/2025\/11\/ucim-PP-Sudzina-300x423.jpg 300w, https:\/\/www.lektorprvnipomoci.cz\/wp-content\/uploads\/2025\/11\/ucim-PP-Sudzina.jpg 826w\" sizes=\"auto, (max-width: 727px) 100vw, 727px\" \/><\/figure>\n\n\n\n<p><\/p>\n","protected":false},"excerpt":{"rendered":"","protected":false},"author":1,"featured_media":0,"parent":0,"menu_order":0,"comment_status":"closed","ping_status":"closed","template":"","meta":{"footnotes":""},"class_list":["post-59","page","type-page","status-publish","hentry"],"yoast_head":"<!-- This site is optimized with the Yoast SEO plugin v26.6 - https:\/\/yoast.com\/wordpress\/plugins\/seo\/ -->\n<title>certifik\u00e1ty prvn\u00ed pomoc - Pavel Sudzina lektor prvn\u00ed pomoci a pedagog voln\u00e9ho \u010dasu<\/title>\n<meta name=\"robots\" content=\"index, follow, max-snippet:-1, max-image-preview:large, max-video-preview:-1\" \/>\n<link rel=\"canonical\" href=\"https:\/\/www.lektorprvnipomoci.cz\/?page_id=59\" \/>\n<meta property=\"og:locale\" content=\"cs_CZ\" \/>\n<meta property=\"og:type\" content=\"article\" \/>\n<meta property=\"og:title\" content=\"certifik\u00e1ty prvn\u00ed pomoc - Pavel Sudzina lektor prvn\u00ed pomoci a pedagog voln\u00e9ho \u010dasu\" \/>\n<meta property=\"og:url\" content=\"https:\/\/www.lektorprvnipomoci.cz\/?page_id=59\" \/>\n<meta property=\"og:site_name\" content=\"Pavel Sudzina lektor prvn\u00ed pomoci a pedagog voln\u00e9ho \u010dasu\" \/>\n<meta property=\"article:modified_time\" content=\"2025-11-10T15:47:48+00:00\" \/>\n<meta property=\"og:image\" content=\"https:\/\/www.lektorprvnipomoci.cz\/wp-content\/uploads\/2024\/01\/osvedceni-ZZA-1-746x1024.jpg\" \/>\n<meta name=\"twitter:card\" content=\"summary_large_image\" \/>\n<meta name=\"twitter:label1\" content=\"Odhadovan\u00e1 doba \u010dten\u00ed\" \/>\n\t<meta name=\"twitter:data1\" content=\"1 minuta\" \/>\n<script type=\"application\/ld+json\" class=\"yoast-schema-graph\">{\"@context\":\"https:\/\/schema.org\",\"@graph\":[{\"@type\":\"WebPage\",\"@id\":\"https:\/\/www.lektorprvnipomoci.cz\/?page_id=59\",\"url\":\"https:\/\/www.lektorprvnipomoci.cz\/?page_id=59\",\"name\":\"certifik\u00e1ty prvn\u00ed pomoc - Pavel Sudzina lektor prvn\u00ed pomoci a pedagog voln\u00e9ho \u010dasu\",\"isPartOf\":{\"@id\":\"https:\/\/www.lektorprvnipomoci.cz\/#website\"},\"primaryImageOfPage\":{\"@id\":\"https:\/\/www.lektorprvnipomoci.cz\/?page_id=59#primaryimage\"},\"image\":{\"@id\":\"https:\/\/www.lektorprvnipomoci.cz\/?page_id=59#primaryimage\"},\"thumbnailUrl\":\"https:\/\/www.lektorprvnipomoci.cz\/wp-content\/uploads\/2024\/01\/osvedceni-ZZA-1-746x1024.jpg\",\"datePublished\":\"2024-01-26T01:33:20+00:00\",\"dateModified\":\"2025-11-10T15:47:48+00:00\",\"breadcrumb\":{\"@id\":\"https:\/\/www.lektorprvnipomoci.cz\/?page_id=59#breadcrumb\"},\"inLanguage\":\"cs\",\"potentialAction\":[{\"@type\":\"ReadAction\",\"target\":[\"https:\/\/www.lektorprvnipomoci.cz\/?page_id=59\"]}]},{\"@type\":\"ImageObject\",\"inLanguage\":\"cs\",\"@id\":\"https:\/\/www.lektorprvnipomoci.cz\/?page_id=59#primaryimage\",\"url\":\"https:\/\/www.lektorprvnipomoci.cz\/wp-content\/uploads\/2024\/01\/osvedceni-ZZA-1-scaled.jpg\",\"contentUrl\":\"https:\/\/www.lektorprvnipomoci.cz\/wp-content\/uploads\/2024\/01\/osvedceni-ZZA-1-scaled.jpg\",\"width\":1865,\"height\":2560},{\"@type\":\"BreadcrumbList\",\"@id\":\"https:\/\/www.lektorprvnipomoci.cz\/?page_id=59#breadcrumb\",\"itemListElement\":[{\"@type\":\"ListItem\",\"position\":1,\"name\":\"Home\",\"item\":\"https:\/\/www.lektorprvnipomoci.cz\/\"},{\"@type\":\"ListItem\",\"position\":2,\"name\":\"certifik\u00e1ty prvn\u00ed pomoc\"}]},{\"@type\":\"WebSite\",\"@id\":\"https:\/\/www.lektorprvnipomoci.cz\/#website\",\"url\":\"https:\/\/www.lektorprvnipomoci.cz\/\",\"name\":\"Pavel Sudzina lektor prvn\u00ed pomoci a pedagog voln\u00e9ho \u010dasu\",\"description\":\"str\u00e1nka o m\u011b a nab\u00eddka m\u00fdch slu\u017eeb\",\"potentialAction\":[{\"@type\":\"SearchAction\",\"target\":{\"@type\":\"EntryPoint\",\"urlTemplate\":\"https:\/\/www.lektorprvnipomoci.cz\/?s={search_term_string}\"},\"query-input\":{\"@type\":\"PropertyValueSpecification\",\"valueRequired\":true,\"valueName\":\"search_term_string\"}}],\"inLanguage\":\"cs\"}]}<\/script>\n<!-- \/ Yoast SEO plugin. -->","yoast_head_json":{"title":"certifik\u00e1ty prvn\u00ed pomoc - Pavel Sudzina lektor prvn\u00ed pomoci a pedagog voln\u00e9ho \u010dasu","robots":{"index":"index","follow":"follow","max-snippet":"max-snippet:-1","max-image-preview":"max-image-preview:large","max-video-preview":"max-video-preview:-1"},"canonical":"https:\/\/www.lektorprvnipomoci.cz\/?page_id=59","og_locale":"cs_CZ","og_type":"article","og_title":"certifik\u00e1ty prvn\u00ed pomoc - Pavel Sudzina lektor prvn\u00ed pomoci a pedagog voln\u00e9ho \u010dasu","og_url":"https:\/\/www.lektorprvnipomoci.cz\/?page_id=59","og_site_name":"Pavel Sudzina lektor prvn\u00ed pomoci a pedagog voln\u00e9ho \u010dasu","article_modified_time":"2025-11-10T15:47:48+00:00","og_image":[{"url":"https:\/\/www.lektorprvnipomoci.cz\/wp-content\/uploads\/2024\/01\/osvedceni-ZZA-1-746x1024.jpg","type":"","width":"","height":""}],"twitter_card":"summary_large_image","twitter_misc":{"Odhadovan\u00e1 doba \u010dten\u00ed":"1 minuta"},"schema":{"@context":"https:\/\/schema.org","@graph":[{"@type":"WebPage","@id":"https:\/\/www.lektorprvnipomoci.cz\/?page_id=59","url":"https:\/\/www.lektorprvnipomoci.cz\/?page_id=59","name":"certifik\u00e1ty prvn\u00ed pomoc - Pavel Sudzina lektor prvn\u00ed pomoci a pedagog voln\u00e9ho \u010dasu","isPartOf":{"@id":"https:\/\/www.lektorprvnipomoci.cz\/#website"},"primaryImageOfPage":{"@id":"https:\/\/www.lektorprvnipomoci.cz\/?page_id=59#primaryimage"},"image":{"@id":"https:\/\/www.lektorprvnipomoci.cz\/?page_id=59#primaryimage"},"thumbnailUrl":"https:\/\/www.lektorprvnipomoci.cz\/wp-content\/uploads\/2024\/01\/osvedceni-ZZA-1-746x1024.jpg","datePublished":"2024-01-26T01:33:20+00:00","dateModified":"2025-11-10T15:47:48+00:00","breadcrumb":{"@id":"https:\/\/www.lektorprvnipomoci.cz\/?page_id=59#breadcrumb"},"inLanguage":"cs","potentialAction":[{"@type":"ReadAction","target":["https:\/\/www.lektorprvnipomoci.cz\/?page_id=59"]}]},{"@type":"ImageObject","inLanguage":"cs","@id":"https:\/\/www.lektorprvnipomoci.cz\/?page_id=59#primaryimage","url":"https:\/\/www.lektorprvnipomoci.cz\/wp-content\/uploads\/2024\/01\/osvedceni-ZZA-1-scaled.jpg","contentUrl":"https:\/\/www.lektorprvnipomoci.cz\/wp-content\/uploads\/2024\/01\/osvedceni-ZZA-1-scaled.jpg","width":1865,"height":2560},{"@type":"BreadcrumbList","@id":"https:\/\/www.lektorprvnipomoci.cz\/?page_id=59#breadcrumb","itemListElement":[{"@type":"ListItem","position":1,"name":"Home","item":"https:\/\/www.lektorprvnipomoci.cz\/"},{"@type":"ListItem","position":2,"name":"certifik\u00e1ty prvn\u00ed pomoc"}]},{"@type":"WebSite","@id":"https:\/\/www.lektorprvnipomoci.cz\/#website","url":"https:\/\/www.lektorprvnipomoci.cz\/","name":"Pavel Sudzina lektor prvn\u00ed pomoci a pedagog voln\u00e9ho \u010dasu","description":"str\u00e1nka o m\u011b a nab\u00eddka m\u00fdch slu\u017eeb","potentialAction":[{"@type":"SearchAction","target":{"@type":"EntryPoint","urlTemplate":"https:\/\/www.lektorprvnipomoci.cz\/?s={search_term_string}"},"query-input":{"@type":"PropertyValueSpecification","valueRequired":true,"valueName":"search_term_string"}}],"inLanguage":"cs"}]}},"_links":{"self":[{"href":"https:\/\/www.lektorprvnipomoci.cz\/index.php?rest_route=\/wp\/v2\/pages\/59","targetHints":{"allow":["GET"]}}],"collection":[{"href":"https:\/\/www.lektorprvnipomoci.cz\/index.php?rest_route=\/wp\/v2\/pages"}],"about":[{"href":"https:\/\/www.lektorprvnipomoci.cz\/index.php?rest_route=\/wp\/v2\/types\/page"}],"author":[{"embeddable":true,"href":"https:\/\/www.lektorprvnipomoci.cz\/index.php?rest_route=\/wp\/v2\/users\/1"}],"replies":[{"embeddable":true,"href":"https:\/\/www.lektorprvnipomoci.cz\/index.php?rest_route=%2Fwp%2Fv2%2Fcomments&post=59"}],"version-history":[{"count":3,"href":"https:\/\/www.lektorprvnipomoci.cz\/index.php?rest_route=\/wp\/v2\/pages\/59\/revisions"}],"predecessor-version":[{"id":172,"href":"https:\/\/www.lektorprvnipomoci.cz\/index.php?rest_route=\/wp\/v2\/pages\/59\/revisions\/172"}],"wp:attachment":[{"href":"https:\/\/www.lektorprvnipomoci.cz\/index.php?rest_route=%2Fwp%2Fv2%2Fmedia&parent=59"}],"curies":[{"name":"wp","href":"https:\/\/api.w.org\/{rel}","templated":true}]}}