{"id":55,"date":"2024-01-26T02:26:52","date_gmt":"2024-01-26T01:26:52","guid":{"rendered":"https:\/\/www.lektorprvnipomoci.cz\/?page_id=55"},"modified":"2024-05-07T23:21:32","modified_gmt":"2024-05-07T21:21:32","slug":"pedagog","status":"publish","type":"page","link":"https:\/\/www.lektorprvnipomoci.cz\/?page_id=55","title":{"rendered":"pedagog"},"content":{"rendered":"\n<p><\/p>\n\n\n\n<figure class=\"wp-block-image size-large\"><img loading=\"lazy\" decoding=\"async\" width=\"1024\" height=\"724\" src=\"https:\/\/www.lektorprvnipomoci.cz\/wp-content\/uploads\/2024\/04\/PVC120-1024x724.jpg\" alt=\"\" class=\"wp-image-107\" srcset=\"https:\/\/www.lektorprvnipomoci.cz\/wp-content\/uploads\/2024\/04\/PVC120-1024x724.jpg 1024w, https:\/\/www.lektorprvnipomoci.cz\/wp-content\/uploads\/2024\/04\/PVC120-300x212.jpg 300w, https:\/\/www.lektorprvnipomoci.cz\/wp-content\/uploads\/2024\/04\/PVC120-768x543.jpg 768w, https:\/\/www.lektorprvnipomoci.cz\/wp-content\/uploads\/2024\/04\/PVC120-1536x1086.jpg 1536w, https:\/\/www.lektorprvnipomoci.cz\/wp-content\/uploads\/2024\/04\/PVC120-2048x1448.jpg 2048w\" sizes=\"auto, (max-width: 1024px) 100vw, 1024px\" \/><\/figure>\n","protected":false},"excerpt":{"rendered":"","protected":false},"author":1,"featured_media":0,"parent":0,"menu_order":0,"comment_status":"closed","ping_status":"closed","template":"","meta":{"footnotes":""},"class_list":["post-55","page","type-page","status-publish","hentry"],"yoast_head":"<!-- This site is optimized with the Yoast SEO plugin v26.6 - https:\/\/yoast.com\/wordpress\/plugins\/seo\/ -->\n<title>pedagog - Pavel Sudzina lektor prvn\u00ed pomoci a pedagog voln\u00e9ho \u010dasu<\/title>\n<meta name=\"robots\" content=\"index, follow, max-snippet:-1, max-image-preview:large, max-video-preview:-1\" \/>\n<link rel=\"canonical\" href=\"https:\/\/www.lektorprvnipomoci.cz\/?page_id=55\" \/>\n<meta property=\"og:locale\" content=\"cs_CZ\" \/>\n<meta property=\"og:type\" content=\"article\" \/>\n<meta property=\"og:title\" content=\"pedagog - Pavel Sudzina lektor prvn\u00ed pomoci a pedagog voln\u00e9ho \u010dasu\" \/>\n<meta property=\"og:url\" content=\"https:\/\/www.lektorprvnipomoci.cz\/?page_id=55\" \/>\n<meta property=\"og:site_name\" content=\"Pavel Sudzina lektor prvn\u00ed pomoci a pedagog voln\u00e9ho \u010dasu\" \/>\n<meta property=\"article:modified_time\" content=\"2024-05-07T21:21:32+00:00\" \/>\n<meta property=\"og:image\" content=\"https:\/\/www.lektorprvnipomoci.cz\/wp-content\/uploads\/2024\/04\/PVC120-1024x724.jpg\" \/>\n<meta name=\"twitter:card\" content=\"summary_large_image\" \/>\n<meta name=\"twitter:label1\" content=\"Odhadovan\u00e1 doba \u010dten\u00ed\" \/>\n\t<meta name=\"twitter:data1\" content=\"1 minuta\" \/>\n<script type=\"application\/ld+json\" class=\"yoast-schema-graph\">{\"@context\":\"https:\/\/schema.org\",\"@graph\":[{\"@type\":\"WebPage\",\"@id\":\"https:\/\/www.lektorprvnipomoci.cz\/?page_id=55\",\"url\":\"https:\/\/www.lektorprvnipomoci.cz\/?page_id=55\",\"name\":\"pedagog - Pavel Sudzina lektor prvn\u00ed pomoci a pedagog voln\u00e9ho \u010dasu\",\"isPartOf\":{\"@id\":\"https:\/\/www.lektorprvnipomoci.cz\/#website\"},\"primaryImageOfPage\":{\"@id\":\"https:\/\/www.lektorprvnipomoci.cz\/?page_id=55#primaryimage\"},\"image\":{\"@id\":\"https:\/\/www.lektorprvnipomoci.cz\/?page_id=55#primaryimage\"},\"thumbnailUrl\":\"https:\/\/www.lektorprvnipomoci.cz\/wp-content\/uploads\/2024\/04\/PVC120-1024x724.jpg\",\"datePublished\":\"2024-01-26T01:26:52+00:00\",\"dateModified\":\"2024-05-07T21:21:32+00:00\",\"breadcrumb\":{\"@id\":\"https:\/\/www.lektorprvnipomoci.cz\/?page_id=55#breadcrumb\"},\"inLanguage\":\"cs\",\"potentialAction\":[{\"@type\":\"ReadAction\",\"target\":[\"https:\/\/www.lektorprvnipomoci.cz\/?page_id=55\"]}]},{\"@type\":\"ImageObject\",\"inLanguage\":\"cs\",\"@id\":\"https:\/\/www.lektorprvnipomoci.cz\/?page_id=55#primaryimage\",\"url\":\"https:\/\/www.lektorprvnipomoci.cz\/wp-content\/uploads\/2024\/04\/PVC120-scaled.jpg\",\"contentUrl\":\"https:\/\/www.lektorprvnipomoci.cz\/wp-content\/uploads\/2024\/04\/PVC120-scaled.jpg\",\"width\":2560,\"height\":1810},{\"@type\":\"BreadcrumbList\",\"@id\":\"https:\/\/www.lektorprvnipomoci.cz\/?page_id=55#breadcrumb\",\"itemListElement\":[{\"@type\":\"ListItem\",\"position\":1,\"name\":\"Home\",\"item\":\"https:\/\/www.lektorprvnipomoci.cz\/\"},{\"@type\":\"ListItem\",\"position\":2,\"name\":\"pedagog\"}]},{\"@type\":\"WebSite\",\"@id\":\"https:\/\/www.lektorprvnipomoci.cz\/#website\",\"url\":\"https:\/\/www.lektorprvnipomoci.cz\/\",\"name\":\"Pavel Sudzina lektor prvn\u00ed pomoci a pedagog voln\u00e9ho \u010dasu\",\"description\":\"str\u00e1nka o m\u011b a nab\u00eddka m\u00fdch slu\u017eeb\",\"potentialAction\":[{\"@type\":\"SearchAction\",\"target\":{\"@type\":\"EntryPoint\",\"urlTemplate\":\"https:\/\/www.lektorprvnipomoci.cz\/?s={search_term_string}\"},\"query-input\":{\"@type\":\"PropertyValueSpecification\",\"valueRequired\":true,\"valueName\":\"search_term_string\"}}],\"inLanguage\":\"cs\"}]}<\/script>\n<!-- \/ Yoast SEO plugin. -->","yoast_head_json":{"title":"pedagog - Pavel Sudzina lektor prvn\u00ed pomoci a pedagog voln\u00e9ho \u010dasu","robots":{"index":"index","follow":"follow","max-snippet":"max-snippet:-1","max-image-preview":"max-image-preview:large","max-video-preview":"max-video-preview:-1"},"canonical":"https:\/\/www.lektorprvnipomoci.cz\/?page_id=55","og_locale":"cs_CZ","og_type":"article","og_title":"pedagog - Pavel Sudzina lektor prvn\u00ed pomoci a pedagog voln\u00e9ho \u010dasu","og_url":"https:\/\/www.lektorprvnipomoci.cz\/?page_id=55","og_site_name":"Pavel Sudzina lektor prvn\u00ed pomoci a pedagog voln\u00e9ho \u010dasu","article_modified_time":"2024-05-07T21:21:32+00:00","og_image":[{"url":"https:\/\/www.lektorprvnipomoci.cz\/wp-content\/uploads\/2024\/04\/PVC120-1024x724.jpg","type":"","width":"","height":""}],"twitter_card":"summary_large_image","twitter_misc":{"Odhadovan\u00e1 doba \u010dten\u00ed":"1 minuta"},"schema":{"@context":"https:\/\/schema.org","@graph":[{"@type":"WebPage","@id":"https:\/\/www.lektorprvnipomoci.cz\/?page_id=55","url":"https:\/\/www.lektorprvnipomoci.cz\/?page_id=55","name":"pedagog - Pavel Sudzina lektor prvn\u00ed pomoci a pedagog voln\u00e9ho \u010dasu","isPartOf":{"@id":"https:\/\/www.lektorprvnipomoci.cz\/#website"},"primaryImageOfPage":{"@id":"https:\/\/www.lektorprvnipomoci.cz\/?page_id=55#primaryimage"},"image":{"@id":"https:\/\/www.lektorprvnipomoci.cz\/?page_id=55#primaryimage"},"thumbnailUrl":"https:\/\/www.lektorprvnipomoci.cz\/wp-content\/uploads\/2024\/04\/PVC120-1024x724.jpg","datePublished":"2024-01-26T01:26:52+00:00","dateModified":"2024-05-07T21:21:32+00:00","breadcrumb":{"@id":"https:\/\/www.lektorprvnipomoci.cz\/?page_id=55#breadcrumb"},"inLanguage":"cs","potentialAction":[{"@type":"ReadAction","target":["https:\/\/www.lektorprvnipomoci.cz\/?page_id=55"]}]},{"@type":"ImageObject","inLanguage":"cs","@id":"https:\/\/www.lektorprvnipomoci.cz\/?page_id=55#primaryimage","url":"https:\/\/www.lektorprvnipomoci.cz\/wp-content\/uploads\/2024\/04\/PVC120-scaled.jpg","contentUrl":"https:\/\/www.lektorprvnipomoci.cz\/wp-content\/uploads\/2024\/04\/PVC120-scaled.jpg","width":2560,"height":1810},{"@type":"BreadcrumbList","@id":"https:\/\/www.lektorprvnipomoci.cz\/?page_id=55#breadcrumb","itemListElement":[{"@type":"ListItem","position":1,"name":"Home","item":"https:\/\/www.lektorprvnipomoci.cz\/"},{"@type":"ListItem","position":2,"name":"pedagog"}]},{"@type":"WebSite","@id":"https:\/\/www.lektorprvnipomoci.cz\/#website","url":"https:\/\/www.lektorprvnipomoci.cz\/","name":"Pavel Sudzina lektor prvn\u00ed pomoci a pedagog voln\u00e9ho \u010dasu","description":"str\u00e1nka o m\u011b a nab\u00eddka m\u00fdch slu\u017eeb","potentialAction":[{"@type":"SearchAction","target":{"@type":"EntryPoint","urlTemplate":"https:\/\/www.lektorprvnipomoci.cz\/?s={search_term_string}"},"query-input":{"@type":"PropertyValueSpecification","valueRequired":true,"valueName":"search_term_string"}}],"inLanguage":"cs"}]}},"_links":{"self":[{"href":"https:\/\/www.lektorprvnipomoci.cz\/index.php?rest_route=\/wp\/v2\/pages\/55","targetHints":{"allow":["GET"]}}],"collection":[{"href":"https:\/\/www.lektorprvnipomoci.cz\/index.php?rest_route=\/wp\/v2\/pages"}],"about":[{"href":"https:\/\/www.lektorprvnipomoci.cz\/index.php?rest_route=\/wp\/v2\/types\/page"}],"author":[{"embeddable":true,"href":"https:\/\/www.lektorprvnipomoci.cz\/index.php?rest_route=\/wp\/v2\/users\/1"}],"replies":[{"embeddable":true,"href":"https:\/\/www.lektorprvnipomoci.cz\/index.php?rest_route=%2Fwp%2Fv2%2Fcomments&post=55"}],"version-history":[{"count":3,"href":"https:\/\/www.lektorprvnipomoci.cz\/index.php?rest_route=\/wp\/v2\/pages\/55\/revisions"}],"predecessor-version":[{"id":109,"href":"https:\/\/www.lektorprvnipomoci.cz\/index.php?rest_route=\/wp\/v2\/pages\/55\/revisions\/109"}],"wp:attachment":[{"href":"https:\/\/www.lektorprvnipomoci.cz\/index.php?rest_route=%2Fwp%2Fv2%2Fmedia&parent=55"}],"curies":[{"name":"wp","href":"https:\/\/api.w.org\/{rel}","templated":true}]}}