{"id":30,"date":"2024-01-26T00:46:28","date_gmt":"2024-01-25T23:46:28","guid":{"rendered":"https:\/\/www.lektorprvnipomoci.cz\/?page_id=30"},"modified":"2025-06-08T17:55:04","modified_gmt":"2025-06-08T15:55:04","slug":"o-me","status":"publish","type":"page","link":"https:\/\/www.lektorprvnipomoci.cz\/","title":{"rendered":"na \u00favod"},"content":{"rendered":"\n<figure class=\"wp-block-image size-large\"><a href=\"https:\/\/www.zzspk.cz\/aed-a-fr\/system-first-responderu-v-pk.html\" target=\"_blank\" rel=\"noreferrer noopener\"><img loading=\"lazy\" decoding=\"async\" width=\"1024\" height=\"724\" src=\"https:\/\/www.lektorprvnipomoci.cz\/wp-content\/uploads\/2024\/01\/fr2-1024x724.jpg\" alt=\"\" class=\"wp-image-35\" srcset=\"https:\/\/www.lektorprvnipomoci.cz\/wp-content\/uploads\/2024\/01\/fr2-1024x724.jpg 1024w, https:\/\/www.lektorprvnipomoci.cz\/wp-content\/uploads\/2024\/01\/fr2-300x212.jpg 300w, https:\/\/www.lektorprvnipomoci.cz\/wp-content\/uploads\/2024\/01\/fr2-768x543.jpg 768w, https:\/\/www.lektorprvnipomoci.cz\/wp-content\/uploads\/2024\/01\/fr2.jpg 1429w\" sizes=\"auto, (max-width: 1024px) 100vw, 1024px\" \/><\/a><\/figure>\n\n\n\n<p class=\"has-text-align-center\"><strong>First responder <a href=\"https:\/\/www.zzspk.cz\/aed-a-fr\/system-first-responderu-v-pk.html\" target=\"_blank\" rel=\"noreferrer noopener\">ZZSPK<\/a>,<\/strong><\/p>\n\n\n\n<p class=\"has-text-align-center\"><strong> student <a href=\"https:\/\/cuni.cz\/\" target=\"_blank\" rel=\"noreferrer noopener\">C\u017dV Fakulta t\u011blesn\u00e9 v\u00fdchovy a sportu Univerzity Karlovy<\/a>,<\/strong><\/p>\n\n\n\n<p class=\"has-text-align-center\"><strong> \u010dlen a instruktor <a href=\"https:\/\/www.resuscitace.cz\/\" target=\"_blank\" rel=\"noreferrer noopener\">\u010cesk\u00e9 resuscita\u010dn\u00ed rady<\/a>,<\/strong><\/p>\n\n\n\n<p class=\"has-text-align-center\"><\/p>\n","protected":false},"excerpt":{"rendered":"<p>First responder ZZSPK, student C\u017dV Fakulta t\u011blesn\u00e9 v\u00fdchovy a sportu Univerzity Karlovy, \u010dlen a instruktor \u010cesk\u00e9 resuscita\u010dn\u00ed rady,<\/p>\n","protected":false},"author":1,"featured_media":0,"parent":0,"menu_order":0,"comment_status":"closed","ping_status":"closed","template":"","meta":{"footnotes":""},"class_list":["post-30","page","type-page","status-publish","hentry"],"yoast_head":"<!-- This site is optimized with the Yoast SEO plugin v26.6 - https:\/\/yoast.com\/wordpress\/plugins\/seo\/ -->\n<title>na \u00favod - Pavel Sudzina lektor prvn\u00ed pomoci a pedagog voln\u00e9ho \u010dasu<\/title>\n<meta name=\"robots\" content=\"index, follow, max-snippet:-1, max-image-preview:large, max-video-preview:-1\" \/>\n<link rel=\"canonical\" href=\"https:\/\/www.lektorprvnipomoci.cz\/\" \/>\n<meta property=\"og:locale\" content=\"cs_CZ\" \/>\n<meta property=\"og:type\" content=\"article\" \/>\n<meta property=\"og:title\" content=\"na \u00favod - Pavel Sudzina lektor prvn\u00ed pomoci a pedagog voln\u00e9ho \u010dasu\" \/>\n<meta property=\"og:description\" content=\"First responder ZZSPK, student C\u017dV Fakulta t\u011blesn\u00e9 v\u00fdchovy a sportu Univerzity Karlovy, \u010dlen a instruktor \u010cesk\u00e9 resuscita\u010dn\u00ed rady,\" \/>\n<meta property=\"og:url\" content=\"https:\/\/www.lektorprvnipomoci.cz\/\" \/>\n<meta property=\"og:site_name\" content=\"Pavel Sudzina lektor prvn\u00ed pomoci a pedagog voln\u00e9ho \u010dasu\" \/>\n<meta property=\"article:modified_time\" content=\"2025-06-08T15:55:04+00:00\" \/>\n<meta property=\"og:image\" content=\"https:\/\/www.lektorprvnipomoci.cz\/wp-content\/uploads\/2024\/01\/fr2-1024x724.jpg\" \/>\n<meta name=\"twitter:card\" content=\"summary_large_image\" \/>\n<meta name=\"twitter:label1\" content=\"Odhadovan\u00e1 doba \u010dten\u00ed\" \/>\n\t<meta name=\"twitter:data1\" content=\"1 minuta\" \/>\n<script type=\"application\/ld+json\" class=\"yoast-schema-graph\">{\"@context\":\"https:\/\/schema.org\",\"@graph\":[{\"@type\":\"WebPage\",\"@id\":\"https:\/\/www.lektorprvnipomoci.cz\/\",\"url\":\"https:\/\/www.lektorprvnipomoci.cz\/\",\"name\":\"na \u00favod - Pavel Sudzina lektor prvn\u00ed pomoci a pedagog voln\u00e9ho \u010dasu\",\"isPartOf\":{\"@id\":\"https:\/\/www.lektorprvnipomoci.cz\/#website\"},\"primaryImageOfPage\":{\"@id\":\"https:\/\/www.lektorprvnipomoci.cz\/#primaryimage\"},\"image\":{\"@id\":\"https:\/\/www.lektorprvnipomoci.cz\/#primaryimage\"},\"thumbnailUrl\":\"https:\/\/www.lektorprvnipomoci.cz\/wp-content\/uploads\/2024\/01\/fr2-1024x724.jpg\",\"datePublished\":\"2024-01-25T23:46:28+00:00\",\"dateModified\":\"2025-06-08T15:55:04+00:00\",\"breadcrumb\":{\"@id\":\"https:\/\/www.lektorprvnipomoci.cz\/#breadcrumb\"},\"inLanguage\":\"cs\",\"potentialAction\":[{\"@type\":\"ReadAction\",\"target\":[\"https:\/\/www.lektorprvnipomoci.cz\/\"]}]},{\"@type\":\"ImageObject\",\"inLanguage\":\"cs\",\"@id\":\"https:\/\/www.lektorprvnipomoci.cz\/#primaryimage\",\"url\":\"https:\/\/www.lektorprvnipomoci.cz\/wp-content\/uploads\/2024\/01\/fr2.jpg\",\"contentUrl\":\"https:\/\/www.lektorprvnipomoci.cz\/wp-content\/uploads\/2024\/01\/fr2.jpg\",\"width\":1429,\"height\":1011},{\"@type\":\"BreadcrumbList\",\"@id\":\"https:\/\/www.lektorprvnipomoci.cz\/#breadcrumb\",\"itemListElement\":[{\"@type\":\"ListItem\",\"position\":1,\"name\":\"Home\",\"item\":\"https:\/\/www.lektorprvnipomoci.cz\/\"},{\"@type\":\"ListItem\",\"position\":2,\"name\":\"na \u00favod\"}]},{\"@type\":\"WebSite\",\"@id\":\"https:\/\/www.lektorprvnipomoci.cz\/#website\",\"url\":\"https:\/\/www.lektorprvnipomoci.cz\/\",\"name\":\"Pavel Sudzina lektor prvn\u00ed pomoci a pedagog voln\u00e9ho \u010dasu\",\"description\":\"str\u00e1nka o m\u011b a nab\u00eddka m\u00fdch slu\u017eeb\",\"potentialAction\":[{\"@type\":\"SearchAction\",\"target\":{\"@type\":\"EntryPoint\",\"urlTemplate\":\"https:\/\/www.lektorprvnipomoci.cz\/?s={search_term_string}\"},\"query-input\":{\"@type\":\"PropertyValueSpecification\",\"valueRequired\":true,\"valueName\":\"search_term_string\"}}],\"inLanguage\":\"cs\"}]}<\/script>\n<!-- \/ Yoast SEO plugin. -->","yoast_head_json":{"title":"na \u00favod - Pavel Sudzina lektor prvn\u00ed pomoci a pedagog voln\u00e9ho \u010dasu","robots":{"index":"index","follow":"follow","max-snippet":"max-snippet:-1","max-image-preview":"max-image-preview:large","max-video-preview":"max-video-preview:-1"},"canonical":"https:\/\/www.lektorprvnipomoci.cz\/","og_locale":"cs_CZ","og_type":"article","og_title":"na \u00favod - Pavel Sudzina lektor prvn\u00ed pomoci a pedagog voln\u00e9ho \u010dasu","og_description":"First responder ZZSPK, student C\u017dV Fakulta t\u011blesn\u00e9 v\u00fdchovy a sportu Univerzity Karlovy, \u010dlen a instruktor \u010cesk\u00e9 resuscita\u010dn\u00ed rady,","og_url":"https:\/\/www.lektorprvnipomoci.cz\/","og_site_name":"Pavel Sudzina lektor prvn\u00ed pomoci a pedagog voln\u00e9ho \u010dasu","article_modified_time":"2025-06-08T15:55:04+00:00","og_image":[{"url":"https:\/\/www.lektorprvnipomoci.cz\/wp-content\/uploads\/2024\/01\/fr2-1024x724.jpg","type":"","width":"","height":""}],"twitter_card":"summary_large_image","twitter_misc":{"Odhadovan\u00e1 doba \u010dten\u00ed":"1 minuta"},"schema":{"@context":"https:\/\/schema.org","@graph":[{"@type":"WebPage","@id":"https:\/\/www.lektorprvnipomoci.cz\/","url":"https:\/\/www.lektorprvnipomoci.cz\/","name":"na \u00favod - Pavel Sudzina lektor prvn\u00ed pomoci a pedagog voln\u00e9ho \u010dasu","isPartOf":{"@id":"https:\/\/www.lektorprvnipomoci.cz\/#website"},"primaryImageOfPage":{"@id":"https:\/\/www.lektorprvnipomoci.cz\/#primaryimage"},"image":{"@id":"https:\/\/www.lektorprvnipomoci.cz\/#primaryimage"},"thumbnailUrl":"https:\/\/www.lektorprvnipomoci.cz\/wp-content\/uploads\/2024\/01\/fr2-1024x724.jpg","datePublished":"2024-01-25T23:46:28+00:00","dateModified":"2025-06-08T15:55:04+00:00","breadcrumb":{"@id":"https:\/\/www.lektorprvnipomoci.cz\/#breadcrumb"},"inLanguage":"cs","potentialAction":[{"@type":"ReadAction","target":["https:\/\/www.lektorprvnipomoci.cz\/"]}]},{"@type":"ImageObject","inLanguage":"cs","@id":"https:\/\/www.lektorprvnipomoci.cz\/#primaryimage","url":"https:\/\/www.lektorprvnipomoci.cz\/wp-content\/uploads\/2024\/01\/fr2.jpg","contentUrl":"https:\/\/www.lektorprvnipomoci.cz\/wp-content\/uploads\/2024\/01\/fr2.jpg","width":1429,"height":1011},{"@type":"BreadcrumbList","@id":"https:\/\/www.lektorprvnipomoci.cz\/#breadcrumb","itemListElement":[{"@type":"ListItem","position":1,"name":"Home","item":"https:\/\/www.lektorprvnipomoci.cz\/"},{"@type":"ListItem","position":2,"name":"na \u00favod"}]},{"@type":"WebSite","@id":"https:\/\/www.lektorprvnipomoci.cz\/#website","url":"https:\/\/www.lektorprvnipomoci.cz\/","name":"Pavel Sudzina lektor prvn\u00ed pomoci a pedagog voln\u00e9ho \u010dasu","description":"str\u00e1nka o m\u011b a nab\u00eddka m\u00fdch slu\u017eeb","potentialAction":[{"@type":"SearchAction","target":{"@type":"EntryPoint","urlTemplate":"https:\/\/www.lektorprvnipomoci.cz\/?s={search_term_string}"},"query-input":{"@type":"PropertyValueSpecification","valueRequired":true,"valueName":"search_term_string"}}],"inLanguage":"cs"}]}},"_links":{"self":[{"href":"https:\/\/www.lektorprvnipomoci.cz\/index.php?rest_route=\/wp\/v2\/pages\/30","targetHints":{"allow":["GET"]}}],"collection":[{"href":"https:\/\/www.lektorprvnipomoci.cz\/index.php?rest_route=\/wp\/v2\/pages"}],"about":[{"href":"https:\/\/www.lektorprvnipomoci.cz\/index.php?rest_route=\/wp\/v2\/types\/page"}],"author":[{"embeddable":true,"href":"https:\/\/www.lektorprvnipomoci.cz\/index.php?rest_route=\/wp\/v2\/users\/1"}],"replies":[{"embeddable":true,"href":"https:\/\/www.lektorprvnipomoci.cz\/index.php?rest_route=%2Fwp%2Fv2%2Fcomments&post=30"}],"version-history":[{"count":5,"href":"https:\/\/www.lektorprvnipomoci.cz\/index.php?rest_route=\/wp\/v2\/pages\/30\/revisions"}],"predecessor-version":[{"id":168,"href":"https:\/\/www.lektorprvnipomoci.cz\/index.php?rest_route=\/wp\/v2\/pages\/30\/revisions\/168"}],"wp:attachment":[{"href":"https:\/\/www.lektorprvnipomoci.cz\/index.php?rest_route=%2Fwp%2Fv2%2Fmedia&parent=30"}],"curies":[{"name":"wp","href":"https:\/\/api.w.org\/{rel}","templated":true}]}}